{"id":1897,"date":"2021-06-18T10:42:32","date_gmt":"2021-06-18T13:42:32","guid":{"rendered":"https:\/\/grafica-salvador.com\/nossos-servicos\/impressao-de-convites-de-casamento-em-salvador\/"},"modified":"2021-09-26T18:33:11","modified_gmt":"2021-09-26T21:33:11","slug":"impressao-de-convites-de-casamento-em-salvador","status":"publish","type":"page","link":"https:\/\/grafica-salvador.com\/pt\/nossos-servicos\/impressao-de-convites-de-casamento-em-salvador\/","title":{"rendered":"Impress\u00e3o de convites de casamento em Salvador"},"content":{"rendered":"<div class=\"kk-star-ratings kksr-auto kksr-align-right kksr-valign-top\"\n    data-payload='{&quot;align&quot;:&quot;right&quot;,&quot;id&quot;:&quot;1897&quot;,&quot;slug&quot;:&quot;default&quot;,&quot;valign&quot;:&quot;top&quot;,&quot;ignore&quot;:&quot;&quot;,&quot;reference&quot;:&quot;auto&quot;,&quot;class&quot;:&quot;&quot;,&quot;count&quot;:&quot;1&quot;,&quot;legendonly&quot;:&quot;&quot;,&quot;readonly&quot;:&quot;&quot;,&quot;score&quot;:&quot;5&quot;,&quot;starsonly&quot;:&quot;&quot;,&quot;best&quot;:&quot;5&quot;,&quot;gap&quot;:&quot;5&quot;,&quot;greet&quot;:&quot;Avalia\u00e7\u00e3o do servi\u00e7o page&quot;,&quot;legend&quot;:&quot;5\\\/5 - (1 avalia\u00e7\u00f5es)&quot;,&quot;size&quot;:&quot;24&quot;,&quot;title&quot;:&quot;Impress\u00e3o de convites de casamento em Salvador&quot;,&quot;width&quot;:&quot;142.5&quot;,&quot;_legend&quot;:&quot;{score}\\\/{best} - ({count} avalia\u00e7\u00f5es)&quot;,&quot;font_factor&quot;:&quot;1.25&quot;}'>\n            \n<div class=\"kksr-stars\">\n    \n<div class=\"kksr-stars-inactive\">\n            <div class=\"kksr-star\" data-star=\"1\" style=\"padding-right: 5px\">\n            \n\n<div class=\"kksr-icon\" style=\"width: 24px; height: 24px;\"><\/div>\n        <\/div>\n            <div class=\"kksr-star\" data-star=\"2\" style=\"padding-right: 5px\">\n            \n\n<div class=\"kksr-icon\" style=\"width: 24px; height: 24px;\"><\/div>\n        <\/div>\n            <div class=\"kksr-star\" data-star=\"3\" style=\"padding-right: 5px\">\n            \n\n<div class=\"kksr-icon\" style=\"width: 24px; height: 24px;\"><\/div>\n        <\/div>\n            <div class=\"kksr-star\" data-star=\"4\" style=\"padding-right: 5px\">\n            \n\n<div class=\"kksr-icon\" style=\"width: 24px; height: 24px;\"><\/div>\n        <\/div>\n            <div class=\"kksr-star\" data-star=\"5\" style=\"padding-right: 5px\">\n            \n\n<div class=\"kksr-icon\" style=\"width: 24px; height: 24px;\"><\/div>\n        <\/div>\n    <\/div>\n    \n<div class=\"kksr-stars-active\" style=\"width: 142.5px;\">\n            <div class=\"kksr-star\" style=\"padding-right: 5px\">\n            \n\n<div class=\"kksr-icon\" style=\"width: 24px; height: 24px;\"><\/div>\n        <\/div>\n            <div class=\"kksr-star\" style=\"padding-right: 5px\">\n            \n\n<div class=\"kksr-icon\" style=\"width: 24px; height: 24px;\"><\/div>\n        <\/div>\n            <div class=\"kksr-star\" style=\"padding-right: 5px\">\n            \n\n<div class=\"kksr-icon\" style=\"width: 24px; height: 24px;\"><\/div>\n        <\/div>\n            <div class=\"kksr-star\" style=\"padding-right: 5px\">\n            \n\n<div class=\"kksr-icon\" style=\"width: 24px; height: 24px;\"><\/div>\n        <\/div>\n            <div class=\"kksr-star\" style=\"padding-right: 5px\">\n            \n\n<div class=\"kksr-icon\" style=\"width: 24px; height: 24px;\"><\/div>\n        <\/div>\n    <\/div>\n<\/div>\n                \n\n<div class=\"kksr-legend\" style=\"font-size: 19.2px;\">\n            5\/5 - (1 avalia\u00e7\u00f5es)    <\/div>\n    <\/div>\n<p>Nossa f\u00e1brica de impress\u00e3o vende muitos servi\u00e7os de impress\u00e3o de qualidade, incluindo : <strong>Impress\u00e3o de convites de casamento em Salvador<\/strong>, cart\u00e3o de casamento para impress\u00e3o. Uma das formas mais comuns de anunciar suas n\u00fapcias \u00e9 com seu convite. Quer voc\u00ea queira que seus convites de casamento sejam impressos em uma \u00fanica cor ou com um motivo multicolorido, voc\u00ea pode tornar seus convites \u00fanicos e informar aos convidados a data e a hora de sua cerim\u00f4nia.<\/p>\n<p>Para saber mais sobre <strong>Impress\u00e3o de convites de casamento<\/strong> em Salvador, e nossos outros servi\u00e7os de impress\u00e3o, pe\u00e7a-nos um or\u00e7amento gr\u00e1tis e aproveite os nossos excelentes descontos.<\/p>\n<p>Todos adoram um casamento, e se voc\u00ea quiser causar a maior impress\u00e3o do novo casal, voc\u00ea precisa ter certeza de escolher bem o seu convite de casamento. Para garantir que voc\u00ea n\u00e3o esque\u00e7a os detalhes, voc\u00ea vai querer dar seus convites de casamento para uma empresa especializada na impress\u00e3o de convites de casamento, que possa criar o design perfeito para seu dia especial.<\/p>\n<p>Se voc\u00ea est\u00e1 ansioso para tornar um grande dia ainda mais especial para voc\u00ea e seu parceiro, um convite de casamento com um toque pessoal \u00e9 um \u00f3timo caminho a seguir. Para aqueles que t\u00eam dificuldade para acertar seus convites de casamento, com todas as tentativas feitas por diferentes f\u00e1bricas de impress\u00e3o, agora voc\u00ea pode finalmente fazer pedidos em nossa f\u00e1brica de impress\u00e3o personalizada.<\/p>\n<p>&nbsp;<\/p>\n<p><img decoding=\"async\" class=\"aligncenter\" src=\"https:\/\/img.freepik.com\/vecteurs-libre\/modele-invitation-mariage-floral-serti-elegante-decoration-feuilles-brunes_121909-623.jpg?size=626&amp;ext=jpg\" \/><\/p>\n<p>&nbsp;<\/p>\n<h2>Gr\u00e1fica Salvador, servi\u00e7os de impress\u00e3o de convites de casamento em Salvador :<\/h2>\n<ul>\n<li>impress\u00e3o de convites de casamento<\/li>\n<li>gr\u00e1fica para impress\u00e3o de convites de casamento<\/li>\n<li>impress\u00e3o de convites de casamento online<\/li>\n<li>papeis para impress\u00e3o de convites de casamento<\/li>\n<li>convites de casamento para impress\u00e3o<\/li>\n<li>como imprimir convite de casamento<\/li>\n<li>papel para imprimir convite de casamento<\/li>\n<li>convites de casamento originais para imprimir<\/li>\n<li>convites de casamento simples para imprimir<\/li>\n<li>criar convites de casamento para imprimir<\/li>\n<li>exemplos de convites de casamento para imprimir<\/li>\n<li>moldes de convites de casamento para imprimir<\/li>\n<li>convites de casamento evang\u00e9lico para imprimir<\/li>\n<li>convites de casamento modernos para imprimir<\/li>\n<li>mini convites de casamento para imprimir<\/li>\n<li>moldes convites de casamento para imprimir<\/li>\n<li>imprimir convite de casamento online<\/li>\n<li>papel para imprimir convites de casamento<\/li>\n<li>convites de casamento rustico para imprimir<\/li>\n<li>gr\u00e1fica impress\u00e3o convite casamento<\/li>\n<li>papel impress\u00e3o convite casamento<\/li>\n<li>convites casamento impress\u00e3o digital<\/li>\n<li>impress\u00e3o convite de casamento<\/li>\n<li>impress\u00e3o convites de casamento<\/li>\n<li>grafica para impressao de convites de casamento<\/li>\n<li>papel para impress\u00e3o convites de casamento<\/li>\n<li>convites de casamento imprimir<\/li>\n<li>convite de casamento impress\u00e3o<\/li>\n<li>papel para impress\u00e3o de convite de casamento<\/li>\n<li>melhor papel para imprimir convite de casamento<\/li>\n<\/ul>","protected":false},"excerpt":{"rendered":"<p>Nossa f\u00e1brica de impress\u00e3o vende muitos servi\u00e7os de impress\u00e3o de qualidade, incluindo : Impress\u00e3o de convites de casamento em Salvador, cart\u00e3o de casamento para impress\u00e3o. Uma das formas mais comuns de anunciar suas n\u00fapcias \u00e9 com seu convite. Quer voc\u00ea&hellip;<\/p>","protected":false},"author":1,"featured_media":0,"parent":30,"menu_order":0,"comment_status":"closed","ping_status":"closed","template":"","meta":{"footnotes":""},"class_list":["post-1897","page","type-page","status-publish","hentry"],"_links":{"self":[{"href":"https:\/\/grafica-salvador.com\/pt\/wp-json\/wp\/v2\/pages\/1897","targetHints":{"allow":["GET"]}}],"collection":[{"href":"https:\/\/grafica-salvador.com\/pt\/wp-json\/wp\/v2\/pages"}],"about":[{"href":"https:\/\/grafica-salvador.com\/pt\/wp-json\/wp\/v2\/types\/page"}],"author":[{"embeddable":true,"href":"https:\/\/grafica-salvador.com\/pt\/wp-json\/wp\/v2\/users\/1"}],"replies":[{"embeddable":true,"href":"https:\/\/grafica-salvador.com\/pt\/wp-json\/wp\/v2\/comments?post=1897"}],"version-history":[{"count":6,"href":"https:\/\/grafica-salvador.com\/pt\/wp-json\/wp\/v2\/pages\/1897\/revisions"}],"predecessor-version":[{"id":2138,"href":"https:\/\/grafica-salvador.com\/pt\/wp-json\/wp\/v2\/pages\/1897\/revisions\/2138"}],"up":[{"embeddable":true,"href":"https:\/\/grafica-salvador.com\/pt\/wp-json\/wp\/v2\/pages\/30"}],"wp:attachment":[{"href":"https:\/\/grafica-salvador.com\/pt\/wp-json\/wp\/v2\/media?parent=1897"}],"curies":[{"name":"wp","href":"https:\/\/api.w.org\/{rel}","templated":true}]}}