{"id":1927,"date":"2021-06-18T18:19:15","date_gmt":"2021-06-18T21:19:15","guid":{"rendered":"https:\/\/grafica-salvador.com\/nossos-servicos\/impressao-em-offset-em-salvador\/"},"modified":"2022-08-29T19:10:09","modified_gmt":"2022-08-29T22:10:09","slug":"impressao-em-offset-em-salvador","status":"publish","type":"page","link":"https:\/\/grafica-salvador.com\/pt\/nossos-servicos\/impressao-em-offset-em-salvador\/","title":{"rendered":"Impress\u00e3o em offset em Salvador"},"content":{"rendered":"<div class=\"kk-star-ratings kksr-auto kksr-align-right kksr-valign-top\"\n    data-payload='{&quot;align&quot;:&quot;right&quot;,&quot;id&quot;:&quot;1927&quot;,&quot;slug&quot;:&quot;default&quot;,&quot;valign&quot;:&quot;top&quot;,&quot;ignore&quot;:&quot;&quot;,&quot;reference&quot;:&quot;auto&quot;,&quot;class&quot;:&quot;&quot;,&quot;count&quot;:&quot;1&quot;,&quot;legendonly&quot;:&quot;&quot;,&quot;readonly&quot;:&quot;&quot;,&quot;score&quot;:&quot;5&quot;,&quot;starsonly&quot;:&quot;&quot;,&quot;best&quot;:&quot;5&quot;,&quot;gap&quot;:&quot;5&quot;,&quot;greet&quot;:&quot;Avalia\u00e7\u00e3o do servi\u00e7o page&quot;,&quot;legend&quot;:&quot;5\\\/5 - (1 avalia\u00e7\u00f5es)&quot;,&quot;size&quot;:&quot;24&quot;,&quot;title&quot;:&quot;Impress\u00e3o em offset em Salvador&quot;,&quot;width&quot;:&quot;142.5&quot;,&quot;_legend&quot;:&quot;{score}\\\/{best} - ({count} avalia\u00e7\u00f5es)&quot;,&quot;font_factor&quot;:&quot;1.25&quot;}'>\n            \n<div class=\"kksr-stars\">\n    \n<div class=\"kksr-stars-inactive\">\n            <div class=\"kksr-star\" data-star=\"1\" style=\"padding-right: 5px\">\n            \n\n<div class=\"kksr-icon\" style=\"width: 24px; height: 24px;\"><\/div>\n        <\/div>\n            <div class=\"kksr-star\" data-star=\"2\" style=\"padding-right: 5px\">\n            \n\n<div class=\"kksr-icon\" style=\"width: 24px; height: 24px;\"><\/div>\n        <\/div>\n            <div class=\"kksr-star\" data-star=\"3\" style=\"padding-right: 5px\">\n            \n\n<div class=\"kksr-icon\" style=\"width: 24px; height: 24px;\"><\/div>\n        <\/div>\n            <div class=\"kksr-star\" data-star=\"4\" style=\"padding-right: 5px\">\n            \n\n<div class=\"kksr-icon\" style=\"width: 24px; height: 24px;\"><\/div>\n        <\/div>\n            <div class=\"kksr-star\" data-star=\"5\" style=\"padding-right: 5px\">\n            \n\n<div class=\"kksr-icon\" style=\"width: 24px; height: 24px;\"><\/div>\n        <\/div>\n    <\/div>\n    \n<div class=\"kksr-stars-active\" style=\"width: 142.5px;\">\n            <div class=\"kksr-star\" style=\"padding-right: 5px\">\n            \n\n<div class=\"kksr-icon\" style=\"width: 24px; height: 24px;\"><\/div>\n        <\/div>\n            <div class=\"kksr-star\" style=\"padding-right: 5px\">\n            \n\n<div class=\"kksr-icon\" style=\"width: 24px; height: 24px;\"><\/div>\n        <\/div>\n            <div class=\"kksr-star\" style=\"padding-right: 5px\">\n            \n\n<div class=\"kksr-icon\" style=\"width: 24px; height: 24px;\"><\/div>\n        <\/div>\n            <div class=\"kksr-star\" style=\"padding-right: 5px\">\n            \n\n<div class=\"kksr-icon\" style=\"width: 24px; height: 24px;\"><\/div>\n        <\/div>\n            <div class=\"kksr-star\" style=\"padding-right: 5px\">\n            \n\n<div class=\"kksr-icon\" style=\"width: 24px; height: 24px;\"><\/div>\n        <\/div>\n    <\/div>\n<\/div>\n                \n\n<div class=\"kksr-legend\" style=\"font-size: 19.2px;\">\n            5\/5 - (1 avalia\u00e7\u00f5es)    <\/div>\n    <\/div>\n<p>A impress\u00e3o offset \u00e9 uma forma de impress\u00e3o a partir de um original que foi transferido para uma placa ou molde. Este processo \u00e9 usado para imprimir jornais, revistas, livros e cartazes. O processo offset tamb\u00e9m pode ser usado para aplica\u00e7\u00f5es de impress\u00e3o comercial, como a produ\u00e7\u00e3o de cart\u00f5es de visita ou papel timbrado.<\/p>\n<p>As impressoras offset s\u00e3o normalmente usadas em gr\u00e1ficas e editoras para imprimir livros e jornais em papel de alta qualidade. As impressoras offset geralmente s\u00e3o capazes de imprimir mais de uma cor por vez e podem ser encontradas em muitos ambientes de escrit\u00f3rio, bibliotecas, escolas e outras instala\u00e7\u00f5es educacionais.<\/p>\n<h2><img loading=\"lazy\" decoding=\"async\" class=\"aligncenter wp-image-2515 size-full\" src=\"https:\/\/grafica-salvador.com\/wp-content\/uploads\/2022\/08\/44698282_printing-house-polygraphy-cartoon-concept-e1661810750551.jpg\" alt=\"Oferecemos servi\u00e7os de impress\u00e3o em offset em Salvador\" width=\"1600\" height=\"716\" srcset=\"https:\/\/grafica-salvador.com\/wp-content\/uploads\/2022\/08\/44698282_printing-house-polygraphy-cartoon-concept-e1661810750551.jpg 1600w, https:\/\/grafica-salvador.com\/wp-content\/uploads\/2022\/08\/44698282_printing-house-polygraphy-cartoon-concept-e1661810750551-300x134.jpg 300w, https:\/\/grafica-salvador.com\/wp-content\/uploads\/2022\/08\/44698282_printing-house-polygraphy-cartoon-concept-e1661810750551-1024x458.jpg 1024w, https:\/\/grafica-salvador.com\/wp-content\/uploads\/2022\/08\/44698282_printing-house-polygraphy-cartoon-concept-e1661810750551-768x344.jpg 768w, https:\/\/grafica-salvador.com\/wp-content\/uploads\/2022\/08\/44698282_printing-house-polygraphy-cartoon-concept-e1661810750551-1536x687.jpg 1536w, https:\/\/grafica-salvador.com\/wp-content\/uploads\/2022\/08\/44698282_printing-house-polygraphy-cartoon-concept-e1661810750551-18x8.jpg 18w, https:\/\/grafica-salvador.com\/wp-content\/uploads\/2022\/08\/44698282_printing-house-polygraphy-cartoon-concept-e1661810750551-370x166.jpg 370w, https:\/\/grafica-salvador.com\/wp-content\/uploads\/2022\/08\/44698282_printing-house-polygraphy-cartoon-concept-e1661810750551-760x340.jpg 760w, https:\/\/grafica-salvador.com\/wp-content\/uploads\/2022\/08\/44698282_printing-house-polygraphy-cartoon-concept-e1661810750551-1520x680.jpg 1520w, https:\/\/grafica-salvador.com\/wp-content\/uploads\/2022\/08\/44698282_printing-house-polygraphy-cartoon-concept-e1661810750551-740x331.jpg 740w, https:\/\/grafica-salvador.com\/wp-content\/uploads\/2022\/08\/44698282_printing-house-polygraphy-cartoon-concept-e1661810750551-600x269.jpg 600w\" sizes=\"auto, (max-width: 1600px) 100vw, 1600px\" \/><\/h2>\n<h2>Procurando os melhores servi\u00e7os de impress\u00e3o offset em Salvador?<\/h2>\n<p>Oferecemos impress\u00e3o acess\u00edvel e de qualidade para todas as suas necessidades.<\/p>\n<p>Se voc\u00ea precisa imprimir, a Gr\u00e1fica Salvador pode ajudar. Oferecemos servi\u00e7os de impress\u00e3o offset em Salvador, podendo imprimir o que voc\u00ea precisar. Fale Conosco.<\/p>\n<p>Nossa empressa oferece uma ampla variedade de solu\u00e7\u00f5es de impress\u00e3o r\u00e1pida, abrangendo : <strong>Impress\u00e3o em offset em Salvador<\/strong>, impress\u00e3o em vinil adesivo, adesivos para carro, c\u00f3pia colorida pre\u00e7o, modelo de banner, modelo de banner, impress\u00e3o digital camisetas, impress\u00e3o apostila, impress\u00e3o digital camiseta, impress\u00e3o ou impress\u00e3o&#8230; <strong>em Salvador, Bahia<\/strong>.<\/p>\n<p>Para saber mais sobre <strong>Impress\u00e3o em offset<\/strong> em Salvador, entre em contato com nossos especialistas agora.<\/p>","protected":false},"excerpt":{"rendered":"<p>A impress\u00e3o offset \u00e9 uma forma de impress\u00e3o a partir de um original que foi transferido para uma placa ou molde. Este processo \u00e9 usado para imprimir jornais, revistas, livros e cartazes. O processo offset tamb\u00e9m pode ser usado para&hellip;<\/p>","protected":false},"author":1,"featured_media":0,"parent":30,"menu_order":0,"comment_status":"closed","ping_status":"closed","template":"","meta":{"footnotes":""},"class_list":["post-1927","page","type-page","status-publish","hentry"],"_links":{"self":[{"href":"https:\/\/grafica-salvador.com\/pt\/wp-json\/wp\/v2\/pages\/1927","targetHints":{"allow":["GET"]}}],"collection":[{"href":"https:\/\/grafica-salvador.com\/pt\/wp-json\/wp\/v2\/pages"}],"about":[{"href":"https:\/\/grafica-salvador.com\/pt\/wp-json\/wp\/v2\/types\/page"}],"author":[{"embeddable":true,"href":"https:\/\/grafica-salvador.com\/pt\/wp-json\/wp\/v2\/users\/1"}],"replies":[{"embeddable":true,"href":"https:\/\/grafica-salvador.com\/pt\/wp-json\/wp\/v2\/comments?post=1927"}],"version-history":[{"count":5,"href":"https:\/\/grafica-salvador.com\/pt\/wp-json\/wp\/v2\/pages\/1927\/revisions"}],"predecessor-version":[{"id":2518,"href":"https:\/\/grafica-salvador.com\/pt\/wp-json\/wp\/v2\/pages\/1927\/revisions\/2518"}],"up":[{"embeddable":true,"href":"https:\/\/grafica-salvador.com\/pt\/wp-json\/wp\/v2\/pages\/30"}],"wp:attachment":[{"href":"https:\/\/grafica-salvador.com\/pt\/wp-json\/wp\/v2\/media?parent=1927"}],"curies":[{"name":"wp","href":"https:\/\/api.w.org\/{rel}","templated":true}]}}