{"id":1931,"date":"2021-06-18T19:20:03","date_gmt":"2021-06-18T22:20:03","guid":{"rendered":"https:\/\/grafica-salvador.com\/nossos-servicos\/impressao-de-apostilas-em-salvador\/"},"modified":"2021-09-29T16:46:43","modified_gmt":"2021-09-29T19:46:43","slug":"impressao-de-apostilas-em-salvador","status":"publish","type":"page","link":"https:\/\/grafica-salvador.com\/pt\/nossos-servicos\/impressao-de-apostilas-em-salvador\/","title":{"rendered":"Impress\u00e3o de apostilas em Salvador"},"content":{"rendered":"<div class=\"kk-star-ratings kksr-auto kksr-align-right kksr-valign-top\"\n    data-payload='{&quot;align&quot;:&quot;right&quot;,&quot;id&quot;:&quot;1931&quot;,&quot;slug&quot;:&quot;default&quot;,&quot;valign&quot;:&quot;top&quot;,&quot;ignore&quot;:&quot;&quot;,&quot;reference&quot;:&quot;auto&quot;,&quot;class&quot;:&quot;&quot;,&quot;count&quot;:&quot;12&quot;,&quot;legendonly&quot;:&quot;&quot;,&quot;readonly&quot;:&quot;&quot;,&quot;score&quot;:&quot;3.6&quot;,&quot;starsonly&quot;:&quot;&quot;,&quot;best&quot;:&quot;5&quot;,&quot;gap&quot;:&quot;5&quot;,&quot;greet&quot;:&quot;Avalia\u00e7\u00e3o do servi\u00e7o page&quot;,&quot;legend&quot;:&quot;3.6\\\/5 - (12 avalia\u00e7\u00f5es)&quot;,&quot;size&quot;:&quot;24&quot;,&quot;title&quot;:&quot;Impress\u00e3o de apostilas em Salvador&quot;,&quot;width&quot;:&quot;101.9&quot;,&quot;_legend&quot;:&quot;{score}\\\/{best} - ({count} avalia\u00e7\u00f5es)&quot;,&quot;font_factor&quot;:&quot;1.25&quot;}'>\n            \n<div class=\"kksr-stars\">\n    \n<div class=\"kksr-stars-inactive\">\n            <div class=\"kksr-star\" data-star=\"1\" style=\"padding-right: 5px\">\n            \n\n<div class=\"kksr-icon\" style=\"width: 24px; height: 24px;\"><\/div>\n        <\/div>\n            <div class=\"kksr-star\" data-star=\"2\" style=\"padding-right: 5px\">\n            \n\n<div class=\"kksr-icon\" style=\"width: 24px; height: 24px;\"><\/div>\n        <\/div>\n            <div class=\"kksr-star\" data-star=\"3\" style=\"padding-right: 5px\">\n            \n\n<div class=\"kksr-icon\" style=\"width: 24px; height: 24px;\"><\/div>\n        <\/div>\n            <div class=\"kksr-star\" data-star=\"4\" style=\"padding-right: 5px\">\n            \n\n<div class=\"kksr-icon\" style=\"width: 24px; height: 24px;\"><\/div>\n        <\/div>\n            <div class=\"kksr-star\" data-star=\"5\" style=\"padding-right: 5px\">\n            \n\n<div class=\"kksr-icon\" style=\"width: 24px; height: 24px;\"><\/div>\n        <\/div>\n    <\/div>\n    \n<div class=\"kksr-stars-active\" style=\"width: 101.9px;\">\n            <div class=\"kksr-star\" style=\"padding-right: 5px\">\n            \n\n<div class=\"kksr-icon\" style=\"width: 24px; height: 24px;\"><\/div>\n        <\/div>\n            <div class=\"kksr-star\" style=\"padding-right: 5px\">\n            \n\n<div class=\"kksr-icon\" style=\"width: 24px; height: 24px;\"><\/div>\n        <\/div>\n            <div class=\"kksr-star\" style=\"padding-right: 5px\">\n            \n\n<div class=\"kksr-icon\" style=\"width: 24px; height: 24px;\"><\/div>\n        <\/div>\n            <div class=\"kksr-star\" style=\"padding-right: 5px\">\n            \n\n<div class=\"kksr-icon\" style=\"width: 24px; height: 24px;\"><\/div>\n        <\/div>\n            <div class=\"kksr-star\" style=\"padding-right: 5px\">\n            \n\n<div class=\"kksr-icon\" style=\"width: 24px; height: 24px;\"><\/div>\n        <\/div>\n    <\/div>\n<\/div>\n                \n\n<div class=\"kksr-legend\" style=\"font-size: 19.2px;\">\n            3.6\/5 - (12 avalia\u00e7\u00f5es)    <\/div>\n    <\/div>\n<p>Oferecemos servi\u00e7os de impress\u00e3o de apostilas em Salvador. N\u00f3s tamb\u00e9m entregamos! Se voc\u00ea precisa imprimir apostilas do seu evento em Salvador, somos a empresa para voc\u00ea. Nossos pre\u00e7os s\u00e3o baratos e nosso atendimento \u00e9 excelente. Todos os pedidos s\u00e3o entregues no prazo, mesmo que seja de \u00faltima hora!<\/p>\n<p>\u00c9 por isso que temos o prazer de oferecer nossos servi\u00e7os de impress\u00e3o de apostilas e brochuras em Salvador. \u00c9 r\u00e1pido e acess\u00edvel, e tudo que voc\u00ea precisa fazer \u00e9 carregar seus documentos. Cuidamos de tudo, desde a impress\u00e3o at\u00e9 o envio, para que voc\u00ea possa relaxar, relaxar e se concentrar nas coisas importantes.<\/p>\n<p>Os pre\u00e7os dos nossos servi\u00e7os de impress\u00e3o de apostilas, panfletos e brochuras em Salvador s\u00e3o muito acess\u00edveis. \u00c9, portanto, uma grande oportunidade para empresas e pessoas f\u00edsicas solicitarem hoje uma s\u00e9rie de brochuras e folhetos para seus eventos especiais em Salvador e em todo o estado da Bahia. Isso \u00e9 especialmente \u00fatil se sua empresa precisa de materiais impressos de boa qualidade e acess\u00edveis.<\/p>\n<p>A Gr\u00e1fica Salvador oferece uma infinidade de servi\u00e7os de impress\u00e3o sob medida, abrangendo: impress\u00e3o<strong>\u00a0de apostilas em Salvador<\/strong>, impress\u00e3o em camisas, impress\u00e3o em adesivo, adesivos para carro, impress\u00e3o digital gr\u00e1fica, impress\u00e3o digital gr\u00e1fica, impress\u00e3o em papel fotogr\u00e1fico, impress\u00e3o de certificados, impress\u00e3o de r\u00f3tulos, impress\u00f5es coloridas&#8230; <strong>em Salvador, Bahia<\/strong>.<\/p>\n<p>Para saber mais sobre i<strong>mpress\u00e3o de apostilas<\/strong> em Salvador, ou se voc\u00ea precisar de outros servi\u00e7os de impress\u00e3o, contacte-nos rapidamente.<\/p>","protected":false},"excerpt":{"rendered":"<p>Oferecemos servi\u00e7os de impress\u00e3o de apostilas em Salvador. N\u00f3s tamb\u00e9m entregamos! Se voc\u00ea precisa imprimir apostilas do seu evento em Salvador, somos a empresa para voc\u00ea. Nossos pre\u00e7os s\u00e3o baratos e nosso atendimento \u00e9 excelente. Todos os pedidos s\u00e3o entregues&hellip;<\/p>","protected":false},"author":1,"featured_media":0,"parent":30,"menu_order":0,"comment_status":"closed","ping_status":"closed","template":"","meta":{"footnotes":""},"class_list":["post-1931","page","type-page","status-publish","hentry"],"_links":{"self":[{"href":"https:\/\/grafica-salvador.com\/pt\/wp-json\/wp\/v2\/pages\/1931","targetHints":{"allow":["GET"]}}],"collection":[{"href":"https:\/\/grafica-salvador.com\/pt\/wp-json\/wp\/v2\/pages"}],"about":[{"href":"https:\/\/grafica-salvador.com\/pt\/wp-json\/wp\/v2\/types\/page"}],"author":[{"embeddable":true,"href":"https:\/\/grafica-salvador.com\/pt\/wp-json\/wp\/v2\/users\/1"}],"replies":[{"embeddable":true,"href":"https:\/\/grafica-salvador.com\/pt\/wp-json\/wp\/v2\/comments?post=1931"}],"version-history":[{"count":2,"href":"https:\/\/grafica-salvador.com\/pt\/wp-json\/wp\/v2\/pages\/1931\/revisions"}],"predecessor-version":[{"id":2143,"href":"https:\/\/grafica-salvador.com\/pt\/wp-json\/wp\/v2\/pages\/1931\/revisions\/2143"}],"up":[{"embeddable":true,"href":"https:\/\/grafica-salvador.com\/pt\/wp-json\/wp\/v2\/pages\/30"}],"wp:attachment":[{"href":"https:\/\/grafica-salvador.com\/pt\/wp-json\/wp\/v2\/media?parent=1931"}],"curies":[{"name":"wp","href":"https:\/\/api.w.org\/{rel}","templated":true}]}}