{"id":1952,"date":"2021-06-19T10:38:00","date_gmt":"2021-06-19T13:38:00","guid":{"rendered":"https:\/\/grafica-salvador.com\/nossos-servicos\/impressao-de-cartazes-em-salvador\/"},"modified":"2021-10-13T20:18:44","modified_gmt":"2021-10-13T23:18:44","slug":"impressao-de-cartazes-em-salvador","status":"publish","type":"page","link":"https:\/\/grafica-salvador.com\/pt\/nossos-servicos\/impressao-de-cartazes-em-salvador\/","title":{"rendered":"Impress\u00e3o de cartazes em Salvador"},"content":{"rendered":"<div class=\"wpb-content-wrapper\">\n\n<div class=\"kk-star-ratings kksr-auto kksr-align-right kksr-valign-top\"\n    data-payload='{&quot;align&quot;:&quot;right&quot;,&quot;id&quot;:&quot;1952&quot;,&quot;slug&quot;:&quot;default&quot;,&quot;valign&quot;:&quot;top&quot;,&quot;ignore&quot;:&quot;&quot;,&quot;reference&quot;:&quot;auto&quot;,&quot;class&quot;:&quot;&quot;,&quot;count&quot;:&quot;10&quot;,&quot;legendonly&quot;:&quot;&quot;,&quot;readonly&quot;:&quot;&quot;,&quot;score&quot;:&quot;4.1&quot;,&quot;starsonly&quot;:&quot;&quot;,&quot;best&quot;:&quot;5&quot;,&quot;gap&quot;:&quot;5&quot;,&quot;greet&quot;:&quot;Avalia\u00e7\u00e3o do servi\u00e7o page&quot;,&quot;legend&quot;:&quot;4.1\\\/5 - (10 avalia\u00e7\u00f5es)&quot;,&quot;size&quot;:&quot;24&quot;,&quot;title&quot;:&quot;Impress\u00e3o de cartazes em Salvador&quot;,&quot;width&quot;:&quot;116.4&quot;,&quot;_legend&quot;:&quot;{score}\\\/{best} - ({count} avalia\u00e7\u00f5es)&quot;,&quot;font_factor&quot;:&quot;1.25&quot;}'>\n            \n<div class=\"kksr-stars\">\n    \n<div class=\"kksr-stars-inactive\">\n            <div class=\"kksr-star\" data-star=\"1\" style=\"padding-right: 5px\">\n            \n\n<div class=\"kksr-icon\" style=\"width: 24px; height: 24px;\"><\/div>\n        <\/div>\n            <div class=\"kksr-star\" data-star=\"2\" style=\"padding-right: 5px\">\n            \n\n<div class=\"kksr-icon\" style=\"width: 24px; height: 24px;\"><\/div>\n        <\/div>\n            <div class=\"kksr-star\" data-star=\"3\" style=\"padding-right: 5px\">\n            \n\n<div class=\"kksr-icon\" style=\"width: 24px; height: 24px;\"><\/div>\n        <\/div>\n            <div class=\"kksr-star\" data-star=\"4\" style=\"padding-right: 5px\">\n            \n\n<div class=\"kksr-icon\" style=\"width: 24px; height: 24px;\"><\/div>\n        <\/div>\n            <div class=\"kksr-star\" data-star=\"5\" style=\"padding-right: 5px\">\n            \n\n<div class=\"kksr-icon\" style=\"width: 24px; height: 24px;\"><\/div>\n        <\/div>\n    <\/div>\n    \n<div class=\"kksr-stars-active\" style=\"width: 116.4px;\">\n            <div class=\"kksr-star\" style=\"padding-right: 5px\">\n            \n\n<div class=\"kksr-icon\" style=\"width: 24px; height: 24px;\"><\/div>\n        <\/div>\n            <div class=\"kksr-star\" style=\"padding-right: 5px\">\n            \n\n<div class=\"kksr-icon\" style=\"width: 24px; height: 24px;\"><\/div>\n        <\/div>\n            <div class=\"kksr-star\" style=\"padding-right: 5px\">\n            \n\n<div class=\"kksr-icon\" style=\"width: 24px; height: 24px;\"><\/div>\n        <\/div>\n            <div class=\"kksr-star\" style=\"padding-right: 5px\">\n            \n\n<div class=\"kksr-icon\" style=\"width: 24px; height: 24px;\"><\/div>\n        <\/div>\n            <div class=\"kksr-star\" style=\"padding-right: 5px\">\n            \n\n<div class=\"kksr-icon\" style=\"width: 24px; height: 24px;\"><\/div>\n        <\/div>\n    <\/div>\n<\/div>\n                \n\n<div class=\"kksr-legend\" style=\"font-size: 19.2px;\">\n            4.1\/5 - (10 avalia\u00e7\u00f5es)    <\/div>\n    <\/div>\n<div class=\"vc_row wpb_row vc_row-fluid\"><div class=\"wpb_column vc_column_container vc_col-sm-12 sc_layouts_column_icons_position_left\"><div class=\"vc_column-inner\"><div class=\"wpb_wrapper\">\n\t<div class=\"wpb_text_column wpb_content_element\" >\n\t\t<div class=\"wpb_wrapper\">\n\t\t\t<p>A impress\u00e3o de cartazes e p\u00f4steres em Salvador est\u00e1 se tornando cada vez mais popular nos dias de hoje. Existem muitas raz\u00f5es pelas quais as pessoas imprimem p\u00f4steres, mas geralmente elas os usam para promover seus neg\u00f3cios ou anunciar seus produtos ou servi\u00e7os.<\/p>\n<p>Os p\u00f4steres impressos s\u00e3o uma forma econ\u00f4mica e atraente de exibir informa\u00e7\u00f5es em grande formato! Se voc\u00ea precisa de p\u00f4steres impressos para necessidades comerciais, profissionais ou pessoais, n\u00f3s nos destacamos em servi\u00e7os de impress\u00e3o de p\u00f4steres de qualidade combinados com a produ\u00e7\u00e3o de impress\u00e3o digital super r\u00e1pida. Entre em contato com a Grafica Salvador e pe\u00e7a que imprimamos hoje seus lindos p\u00f4steres em grande formato!<\/p>\n<h2><img loading=\"lazy\" decoding=\"async\" class=\"wp-image-2109 size-full aligncenter\" src=\"https:\/\/grafica-salvador.com\/wp-content\/uploads\/2021\/08\/Impressao-de-Cartazes-Salvador-1.jpg\" alt=\"Impress\u00e3o de Cartazes Salvador A3, A4, A5, A6\" width=\"838\" height=\"530\" srcset=\"https:\/\/grafica-salvador.com\/wp-content\/uploads\/2021\/08\/Impressao-de-Cartazes-Salvador-1.jpg 838w, https:\/\/grafica-salvador.com\/wp-content\/uploads\/2021\/08\/Impressao-de-Cartazes-Salvador-1-300x190.jpg 300w, https:\/\/grafica-salvador.com\/wp-content\/uploads\/2021\/08\/Impressao-de-Cartazes-Salvador-1-768x486.jpg 768w, https:\/\/grafica-salvador.com\/wp-content\/uploads\/2021\/08\/Impressao-de-Cartazes-Salvador-1-18x12.jpg 18w, https:\/\/grafica-salvador.com\/wp-content\/uploads\/2021\/08\/Impressao-de-Cartazes-Salvador-1-370x234.jpg 370w, https:\/\/grafica-salvador.com\/wp-content\/uploads\/2021\/08\/Impressao-de-Cartazes-Salvador-1-760x481.jpg 760w, https:\/\/grafica-salvador.com\/wp-content\/uploads\/2021\/08\/Impressao-de-Cartazes-Salvador-1-740x468.jpg 740w\" sizes=\"auto, (max-width: 838px) 100vw, 838px\" \/>Impress\u00e3o de Cartazes A3, A4, A5, A6<\/h2>\n<p>A Grafica Salvador comercializa uma ampla variedade de solu\u00e7\u00f5es de impress\u00e3o de qualidade, abrangendo : <strong>Impress\u00e3o de cartazes em Salvador<\/strong>, adesivos de carros, papel adesivo para impress\u00e3o, impress\u00e3o camisetas, impressao adesivos, impressao adesivos, cart\u00e3o cnpj impress\u00e3o, impress\u00e3o de etiquetas, impress\u00e3o dtg, impress\u00e3o grande formato&#8230; <strong>em Salvador, Bahia<\/strong>.<\/p>\n<p>Para saber mais sobre <strong>Impress\u00e3o de cartazes<\/strong> em Salvador, e nossos outros servi\u00e7os de impress\u00e3o, pe\u00e7a-nos um or\u00e7amento gr\u00e1tis rapidamente.<img loading=\"lazy\" decoding=\"async\" class=\"wp-image-2110 size-full aligncenter\" src=\"https:\/\/grafica-salvador.com\/wp-content\/uploads\/2021\/08\/Impressao-de-Cartazes-Salvador-2.jpg\" alt=\"servicos de Impress\u00e3o de Cartazes em Salvador\" width=\"764\" height=\"658\" srcset=\"https:\/\/grafica-salvador.com\/wp-content\/uploads\/2021\/08\/Impressao-de-Cartazes-Salvador-2.jpg 764w, https:\/\/grafica-salvador.com\/wp-content\/uploads\/2021\/08\/Impressao-de-Cartazes-Salvador-2-300x258.jpg 300w, https:\/\/grafica-salvador.com\/wp-content\/uploads\/2021\/08\/Impressao-de-Cartazes-Salvador-2-14x12.jpg 14w, https:\/\/grafica-salvador.com\/wp-content\/uploads\/2021\/08\/Impressao-de-Cartazes-Salvador-2-370x319.jpg 370w, https:\/\/grafica-salvador.com\/wp-content\/uploads\/2021\/08\/Impressao-de-Cartazes-Salvador-2-760x655.jpg 760w, https:\/\/grafica-salvador.com\/wp-content\/uploads\/2021\/08\/Impressao-de-Cartazes-Salvador-2-740x637.jpg 740w\" sizes=\"auto, (max-width: 764px) 100vw, 764px\" \/><\/p>\n\n\t\t<\/div>\n\t<\/div>\n<\/div><\/div><\/div><\/div>\n<\/div>","protected":false},"excerpt":{"rendered":"A impress\u00e3o de cartazes e p\u00f4steres em Salvador est\u00e1 se tornando cada vez mais popular nos dias de hoje. Existem muitas raz\u00f5es pelas quais as pessoas imprimem p\u00f4steres, mas geralmente elas os usam para promover seus neg\u00f3cios ou anunciar seus&hellip;","protected":false},"author":1,"featured_media":0,"parent":30,"menu_order":0,"comment_status":"closed","ping_status":"closed","template":"","meta":{"footnotes":""},"class_list":["post-1952","page","type-page","status-publish","hentry"],"_links":{"self":[{"href":"https:\/\/grafica-salvador.com\/pt\/wp-json\/wp\/v2\/pages\/1952","targetHints":{"allow":["GET"]}}],"collection":[{"href":"https:\/\/grafica-salvador.com\/pt\/wp-json\/wp\/v2\/pages"}],"about":[{"href":"https:\/\/grafica-salvador.com\/pt\/wp-json\/wp\/v2\/types\/page"}],"author":[{"embeddable":true,"href":"https:\/\/grafica-salvador.com\/pt\/wp-json\/wp\/v2\/users\/1"}],"replies":[{"embeddable":true,"href":"https:\/\/grafica-salvador.com\/pt\/wp-json\/wp\/v2\/comments?post=1952"}],"version-history":[{"count":1,"href":"https:\/\/grafica-salvador.com\/pt\/wp-json\/wp\/v2\/pages\/1952\/revisions"}],"predecessor-version":[{"id":2167,"href":"https:\/\/grafica-salvador.com\/pt\/wp-json\/wp\/v2\/pages\/1952\/revisions\/2167"}],"up":[{"embeddable":true,"href":"https:\/\/grafica-salvador.com\/pt\/wp-json\/wp\/v2\/pages\/30"}],"wp:attachment":[{"href":"https:\/\/grafica-salvador.com\/pt\/wp-json\/wp\/v2\/media?parent=1952"}],"curies":[{"name":"wp","href":"https:\/\/api.w.org\/{rel}","templated":true}]}}