{"id":1986,"date":"2021-06-19T20:19:30","date_gmt":"2021-06-19T23:19:30","guid":{"rendered":"https:\/\/grafica-salvador.com\/nossos-servicos\/adesivos-para-impressao-em-salvador\/"},"modified":"2021-06-19T20:19:30","modified_gmt":"2021-06-19T23:19:30","slug":"adesivos-para-impressao-em-salvador","status":"publish","type":"page","link":"https:\/\/grafica-salvador.com\/pt\/nossos-servicos\/adesivos-para-impressao-em-salvador\/","title":{"rendered":"Adesivos para impress\u00e3o em Salvador"},"content":{"rendered":"<div class=\"kk-star-ratings kksr-auto kksr-align-right kksr-valign-top\"\n    data-payload='{&quot;align&quot;:&quot;right&quot;,&quot;id&quot;:&quot;1986&quot;,&quot;slug&quot;:&quot;default&quot;,&quot;valign&quot;:&quot;top&quot;,&quot;ignore&quot;:&quot;&quot;,&quot;reference&quot;:&quot;auto&quot;,&quot;class&quot;:&quot;&quot;,&quot;count&quot;:&quot;0&quot;,&quot;legendonly&quot;:&quot;&quot;,&quot;readonly&quot;:&quot;&quot;,&quot;score&quot;:&quot;0&quot;,&quot;starsonly&quot;:&quot;&quot;,&quot;best&quot;:&quot;5&quot;,&quot;gap&quot;:&quot;5&quot;,&quot;greet&quot;:&quot;Avalia\u00e7\u00e3o do servi\u00e7o page&quot;,&quot;legend&quot;:&quot;0\\\/5 - (0 avalia\u00e7\u00f5es)&quot;,&quot;size&quot;:&quot;24&quot;,&quot;title&quot;:&quot;Adesivos para impress\u00e3o em Salvador&quot;,&quot;width&quot;:&quot;0&quot;,&quot;_legend&quot;:&quot;{score}\\\/{best} - ({count} avalia\u00e7\u00f5es)&quot;,&quot;font_factor&quot;:&quot;1.25&quot;}'>\n            \n<div class=\"kksr-stars\">\n    \n<div class=\"kksr-stars-inactive\">\n            <div class=\"kksr-star\" data-star=\"1\" style=\"padding-right: 5px\">\n            \n\n<div class=\"kksr-icon\" style=\"width: 24px; height: 24px;\"><\/div>\n        <\/div>\n            <div class=\"kksr-star\" data-star=\"2\" style=\"padding-right: 5px\">\n            \n\n<div class=\"kksr-icon\" style=\"width: 24px; height: 24px;\"><\/div>\n        <\/div>\n            <div class=\"kksr-star\" data-star=\"3\" style=\"padding-right: 5px\">\n            \n\n<div class=\"kksr-icon\" style=\"width: 24px; height: 24px;\"><\/div>\n        <\/div>\n            <div class=\"kksr-star\" data-star=\"4\" style=\"padding-right: 5px\">\n            \n\n<div class=\"kksr-icon\" style=\"width: 24px; height: 24px;\"><\/div>\n        <\/div>\n            <div class=\"kksr-star\" data-star=\"5\" style=\"padding-right: 5px\">\n            \n\n<div class=\"kksr-icon\" style=\"width: 24px; height: 24px;\"><\/div>\n        <\/div>\n    <\/div>\n    \n<div class=\"kksr-stars-active\" style=\"width: 0px;\">\n            <div class=\"kksr-star\" style=\"padding-right: 5px\">\n            \n\n<div class=\"kksr-icon\" style=\"width: 24px; height: 24px;\"><\/div>\n        <\/div>\n            <div class=\"kksr-star\" style=\"padding-right: 5px\">\n            \n\n<div class=\"kksr-icon\" style=\"width: 24px; height: 24px;\"><\/div>\n        <\/div>\n            <div class=\"kksr-star\" style=\"padding-right: 5px\">\n            \n\n<div class=\"kksr-icon\" style=\"width: 24px; height: 24px;\"><\/div>\n        <\/div>\n            <div class=\"kksr-star\" style=\"padding-right: 5px\">\n            \n\n<div class=\"kksr-icon\" style=\"width: 24px; height: 24px;\"><\/div>\n        <\/div>\n            <div class=\"kksr-star\" style=\"padding-right: 5px\">\n            \n\n<div class=\"kksr-icon\" style=\"width: 24px; height: 24px;\"><\/div>\n        <\/div>\n    <\/div>\n<\/div>\n                \n\n<div class=\"kksr-legend\" style=\"font-size: 19.2px;\">\n            <span class=\"kksr-muted\">Avalia\u00e7\u00e3o do servi\u00e7o page<\/span>\n    <\/div>\n    <\/div>\n<p>Nossa f\u00e1brica de impress\u00e3o comercializa uma gama de servi\u00e7os de impress\u00e3o sob medida, abrangendo : <strong>Adesivos para impress\u00e3o em Salvador<\/strong>, copiadora, adesivos para carro, camiseta estampa personalizada, adesivar carros, adesivar carros, imprimir banner, impress\u00e3o de etiquetas pimaco, impress\u00e3o em adesivo, impress\u00e3o lona&#8230; <strong>em Salvador, Bahia<\/strong>.<\/p>\n<\/p>\n<p>Para saber mais sobre <strong>Adesivos para impress\u00e3o<\/strong> em Salvador, e nossos outros servi\u00e7os de impress\u00e3o, entre em contato com nossos especialistas e aproveite os nossos excelentes descontos.<\/p><\/p>","protected":false},"excerpt":{"rendered":"<p>Nossa f\u00e1brica de impress\u00e3o comercializa uma gama de servi\u00e7os de impress\u00e3o sob medida, abrangendo : Adesivos para impress\u00e3o em Salvador, copiadora, adesivos para carro, camiseta estampa personalizada, adesivar carros, adesivar carros, imprimir banner, impress\u00e3o de etiquetas pimaco, impress\u00e3o em adesivo,&hellip;<\/p>","protected":false},"author":1,"featured_media":0,"parent":30,"menu_order":0,"comment_status":"closed","ping_status":"closed","template":"","meta":{"footnotes":""},"class_list":["post-1986","page","type-page","status-publish","hentry"],"_links":{"self":[{"href":"https:\/\/grafica-salvador.com\/pt\/wp-json\/wp\/v2\/pages\/1986","targetHints":{"allow":["GET"]}}],"collection":[{"href":"https:\/\/grafica-salvador.com\/pt\/wp-json\/wp\/v2\/pages"}],"about":[{"href":"https:\/\/grafica-salvador.com\/pt\/wp-json\/wp\/v2\/types\/page"}],"author":[{"embeddable":true,"href":"https:\/\/grafica-salvador.com\/pt\/wp-json\/wp\/v2\/users\/1"}],"replies":[{"embeddable":true,"href":"https:\/\/grafica-salvador.com\/pt\/wp-json\/wp\/v2\/comments?post=1986"}],"version-history":[{"count":0,"href":"https:\/\/grafica-salvador.com\/pt\/wp-json\/wp\/v2\/pages\/1986\/revisions"}],"up":[{"embeddable":true,"href":"https:\/\/grafica-salvador.com\/pt\/wp-json\/wp\/v2\/pages\/30"}],"wp:attachment":[{"href":"https:\/\/grafica-salvador.com\/pt\/wp-json\/wp\/v2\/media?parent=1986"}],"curies":[{"name":"wp","href":"https:\/\/api.w.org\/{rel}","templated":true}]}}