{"id":2443,"date":"2022-04-05T13:34:33","date_gmt":"2022-04-05T16:34:33","guid":{"rendered":"https:\/\/grafica-salvador.com\/?page_id=2443"},"modified":"2022-12-22T09:47:04","modified_gmt":"2022-12-22T12:47:04","slug":"impressao-de-canecas-personalizadas-em-salvador","status":"publish","type":"page","link":"https:\/\/grafica-salvador.com\/pt\/impressao-de-canecas-personalizadas-em-salvador\/","title":{"rendered":"Impress\u00e3o de canecas personalizadas em Salvador"},"content":{"rendered":"<div class=\"kk-star-ratings kksr-auto kksr-align-right kksr-valign-top\"\n    data-payload='{&quot;align&quot;:&quot;right&quot;,&quot;id&quot;:&quot;2443&quot;,&quot;slug&quot;:&quot;default&quot;,&quot;valign&quot;:&quot;top&quot;,&quot;ignore&quot;:&quot;&quot;,&quot;reference&quot;:&quot;auto&quot;,&quot;class&quot;:&quot;&quot;,&quot;count&quot;:&quot;13&quot;,&quot;legendonly&quot;:&quot;&quot;,&quot;readonly&quot;:&quot;&quot;,&quot;score&quot;:&quot;4.7&quot;,&quot;starsonly&quot;:&quot;&quot;,&quot;best&quot;:&quot;5&quot;,&quot;gap&quot;:&quot;5&quot;,&quot;greet&quot;:&quot;Avalia\u00e7\u00e3o do servi\u00e7o page&quot;,&quot;legend&quot;:&quot;4.7\\\/5 - (13 avalia\u00e7\u00f5es)&quot;,&quot;size&quot;:&quot;24&quot;,&quot;title&quot;:&quot;Impress\u00e3o de canecas personalizadas em Salvador&quot;,&quot;width&quot;:&quot;133.8&quot;,&quot;_legend&quot;:&quot;{score}\\\/{best} - ({count} avalia\u00e7\u00f5es)&quot;,&quot;font_factor&quot;:&quot;1.25&quot;}'>\n            \n<div class=\"kksr-stars\">\n    \n<div class=\"kksr-stars-inactive\">\n            <div class=\"kksr-star\" data-star=\"1\" style=\"padding-right: 5px\">\n            \n\n<div class=\"kksr-icon\" style=\"width: 24px; height: 24px;\"><\/div>\n        <\/div>\n            <div class=\"kksr-star\" data-star=\"2\" style=\"padding-right: 5px\">\n            \n\n<div class=\"kksr-icon\" style=\"width: 24px; height: 24px;\"><\/div>\n        <\/div>\n            <div class=\"kksr-star\" data-star=\"3\" style=\"padding-right: 5px\">\n            \n\n<div class=\"kksr-icon\" style=\"width: 24px; height: 24px;\"><\/div>\n        <\/div>\n            <div class=\"kksr-star\" data-star=\"4\" style=\"padding-right: 5px\">\n            \n\n<div class=\"kksr-icon\" style=\"width: 24px; height: 24px;\"><\/div>\n        <\/div>\n            <div class=\"kksr-star\" data-star=\"5\" style=\"padding-right: 5px\">\n            \n\n<div class=\"kksr-icon\" style=\"width: 24px; height: 24px;\"><\/div>\n        <\/div>\n    <\/div>\n    \n<div class=\"kksr-stars-active\" style=\"width: 133.8px;\">\n            <div class=\"kksr-star\" style=\"padding-right: 5px\">\n            \n\n<div class=\"kksr-icon\" style=\"width: 24px; height: 24px;\"><\/div>\n        <\/div>\n            <div class=\"kksr-star\" style=\"padding-right: 5px\">\n            \n\n<div class=\"kksr-icon\" style=\"width: 24px; height: 24px;\"><\/div>\n        <\/div>\n            <div class=\"kksr-star\" style=\"padding-right: 5px\">\n            \n\n<div class=\"kksr-icon\" style=\"width: 24px; height: 24px;\"><\/div>\n        <\/div>\n            <div class=\"kksr-star\" style=\"padding-right: 5px\">\n            \n\n<div class=\"kksr-icon\" style=\"width: 24px; height: 24px;\"><\/div>\n        <\/div>\n            <div class=\"kksr-star\" style=\"padding-right: 5px\">\n            \n\n<div class=\"kksr-icon\" style=\"width: 24px; height: 24px;\"><\/div>\n        <\/div>\n    <\/div>\n<\/div>\n                \n\n<div class=\"kksr-legend\" style=\"font-size: 19.2px;\">\n            4.7\/5 - (13 avalia\u00e7\u00f5es)    <\/div>\n    <\/div>\n<p>A Gr\u00e1fica Salvador \u00e9 uma gr\u00e1fica localizada em Salvador e oferece servi\u00e7os de impress\u00e3o de canecas personalizadas. <\/p>\n<p>Quer seja uma empresa \u00e0 procura de canecas promocionais ou um indiv\u00edduo \u00e0 procura de um presente \u00fanico, podemos ajudar. Oferecemos uma ampla gama de designs e cores para escolher, ent\u00e3o voc\u00ea certamente encontrar\u00e1 algo que atenda \u00e0s suas necessidades. Al\u00e9m disso, nosso tempo de resposta r\u00e1pido garante que voc\u00ea receba suas canecas rapidamente e com a mais alta qualidade. Entre em contato conosco hoje para saber mais sobre nossos servi\u00e7os de impress\u00e3o de canecas e comece a criar suas pr\u00f3prias canecas personalizadas!<\/p>\n<p><img loading=\"lazy\" decoding=\"async\" class=\"aligncenter wp-image-2444 size-full\" src=\"https:\/\/grafica-salvador.com\/wp-content\/uploads\/2022\/04\/Impressao-de-canecas-personalizadas-em-Salvador-min.jpg\" alt=\"Impress\u00e3o de canecas personalizadas em Salvador-min\" width=\"952\" height=\"635\" srcset=\"https:\/\/grafica-salvador.com\/wp-content\/uploads\/2022\/04\/Impressao-de-canecas-personalizadas-em-Salvador-min.jpg 952w, https:\/\/grafica-salvador.com\/wp-content\/uploads\/2022\/04\/Impressao-de-canecas-personalizadas-em-Salvador-min-300x200.jpg 300w, https:\/\/grafica-salvador.com\/wp-content\/uploads\/2022\/04\/Impressao-de-canecas-personalizadas-em-Salvador-min-768x512.jpg 768w, https:\/\/grafica-salvador.com\/wp-content\/uploads\/2022\/04\/Impressao-de-canecas-personalizadas-em-Salvador-min-18x12.jpg 18w, https:\/\/grafica-salvador.com\/wp-content\/uploads\/2022\/04\/Impressao-de-canecas-personalizadas-em-Salvador-min-370x247.jpg 370w, https:\/\/grafica-salvador.com\/wp-content\/uploads\/2022\/04\/Impressao-de-canecas-personalizadas-em-Salvador-min-760x507.jpg 760w, https:\/\/grafica-salvador.com\/wp-content\/uploads\/2022\/04\/Impressao-de-canecas-personalizadas-em-Salvador-min-740x494.jpg 740w, https:\/\/grafica-salvador.com\/wp-content\/uploads\/2022\/04\/Impressao-de-canecas-personalizadas-em-Salvador-min-600x400.jpg 600w\" sizes=\"auto, (max-width: 952px) 100vw, 952px\" \/><br \/>\nA impress\u00e3o de canecas personalizadas \u00e9 uma excelente maneira de promover sua marca e mostrar sua mensagem. As canecas s\u00e3o um dos produtos promocionais mais usados no mundo, e quando voc\u00ea imprime em uma caneca personalizada, sua mensagem estar\u00e1 nas m\u00e3os de quem voc\u00ea escolher. Canecas personalizadas fazem presentes ideais para clientes, clientes e colegas. Escolha entre canecas brancas de cer\u00e2mica, gr\u00e9s ou de lou\u00e7a, que proporcionam resultados de impress\u00e3o superiores.<\/p>\n<p>Uma caneca personalizada \u00e9 um \u00f3timo item promocional que levar\u00e1 sua marca para o exterior. Imagine entrar no escrit\u00f3rio todos os dias com essa caneca \u00fanica na m\u00e3o. Ou, melhor ainda, imagine distribu\u00ed-las aos clientes potenciais durante uma feira ou reuni\u00e3o e ver seu logotipo em uma pilha de canecas.<\/p>\n<p>Se voc\u00ea quiser impressionar seus amigos, colegas de trabalho ou entes queridos com um presente \u00fanico, a impress\u00e3o de canecas personalizadas \u00e9 o caminho a seguir.<\/p>\n<p>10 raz\u00f5es para fazer canecas personalizadas :<\/p>\n<p>1. Canecas personalizadas s\u00e3o \u00f3timos presentes para amigos e familiares.<br \/>\n2. Eles s\u00e3o uma forma \u00fanica de mostrar o seu apre\u00e7o por algu\u00e9m especial.<br \/>\n3. Canecas personalizadas podem ser usadas como itens promocionais para empresas.<br \/>\n4. Eles podem ser usados para aumentar o conhecimento da marca.<br \/>\n5. As canecas personalizadas t\u00eam uma vida \u00fatil mais longa do que outros itens promocionais.<br \/>\n6. Eles podem ser usados para comemorar ocasi\u00f5es especiais como anivers\u00e1rios, anivers\u00e1rios e formaturas.<br \/>\n7. Canecas personalizadas s\u00e3o \u00f3timas lembrancinhas.<br \/>\n8. Eles s\u00e3o uma maneira econ\u00f4mica de anunciar sua empresa.<br \/>\n9. Canecas personalizadas podem ser usadas para agradecer a fidelidade dos clientes.<br \/>\n10. Eles s\u00e3o uma \u00f3tima maneira de mostrar sua criatividade e fazer algu\u00e9m se sentir especial.<\/p>\n<ul>\n<li>canecas personalizadas dia dos pais<\/li>\n<li>canecas personalizadas com foto<\/li>\n<li>canecas personalizadas porcelana<\/li>\n<li>canecas personalizadas alum\u00ednio<\/li>\n<li>canecas personalizadas acrilico<\/li>\n<li>canecas personalizadas acr\u00edlico<\/li>\n<li>canecas personalizadas amigas<\/li>\n<li>canecas personalizadas aniversario<\/li>\n<li>canecas personalizadas com fotos e frases<\/li>\n<li>canecas personalizadas dia das maes<\/li>\n<li>canecas personalizadas de chopp<\/li>\n<li>canecas personalizadas de porcelana<\/li>\n<li>canecas personalizadas dia das m\u00e3es<\/li>\n<li>canecas personalizadas em salvador<\/li>\n<li>canecas personalizadas engra\u00e7adas<\/li>\n<li>canecas personalizadas fotos<\/li>\n<li>canecas personalizadas para o dia dos pais<\/li>\n<li>canecas personalizadas para o dia das m\u00e3es<\/li>\n<li>canecas personalizadas padrinhos de batismo<\/li>\n<li>canecas personalizadas para namorado<\/li>\n<li>canecas personalizadas pre\u00e7o<\/li>\n<li>canecas personalizadas para amiga<\/li>\n<li>canecas personalizadas que muda de cor<\/li>\n<li>canecas personalizadas que se encaixam<\/li>\n<li>caneca personalizada que muda de cor com a temperatura<\/li>\n<li>canecas personalizadas salvador<\/li>\n<\/ul>\n<div id=\"mttContainer\" class=\"bootstrapiso notranslate\" dir=\"ltr\" style=\"transform: translate(942px, 663px);\" title=\"\" data-original-title=\"Si vous voulez impressionner vos amis, vos coll\u00e8gues ou vos proches avec un cadeau unique, l'impression de tasses personnalis\u00e9es est la solution.\"><\/div>","protected":false},"excerpt":{"rendered":"<p>A Gr\u00e1fica Salvador \u00e9 uma gr\u00e1fica localizada em Salvador e oferece servi\u00e7os de impress\u00e3o de canecas personalizadas. Quer seja uma empresa \u00e0 procura de canecas promocionais ou um indiv\u00edduo \u00e0 procura de um presente \u00fanico, podemos ajudar. Oferecemos uma ampla&hellip;<\/p>","protected":false},"author":1,"featured_media":0,"parent":0,"menu_order":0,"comment_status":"closed","ping_status":"closed","template":"","meta":{"footnotes":""},"class_list":["post-2443","page","type-page","status-publish","hentry"],"_links":{"self":[{"href":"https:\/\/grafica-salvador.com\/pt\/wp-json\/wp\/v2\/pages\/2443","targetHints":{"allow":["GET"]}}],"collection":[{"href":"https:\/\/grafica-salvador.com\/pt\/wp-json\/wp\/v2\/pages"}],"about":[{"href":"https:\/\/grafica-salvador.com\/pt\/wp-json\/wp\/v2\/types\/page"}],"author":[{"embeddable":true,"href":"https:\/\/grafica-salvador.com\/pt\/wp-json\/wp\/v2\/users\/1"}],"replies":[{"embeddable":true,"href":"https:\/\/grafica-salvador.com\/pt\/wp-json\/wp\/v2\/comments?post=2443"}],"version-history":[{"count":6,"href":"https:\/\/grafica-salvador.com\/pt\/wp-json\/wp\/v2\/pages\/2443\/revisions"}],"predecessor-version":[{"id":2535,"href":"https:\/\/grafica-salvador.com\/pt\/wp-json\/wp\/v2\/pages\/2443\/revisions\/2535"}],"wp:attachment":[{"href":"https:\/\/grafica-salvador.com\/pt\/wp-json\/wp\/v2\/media?parent=2443"}],"curies":[{"name":"wp","href":"https:\/\/api.w.org\/{rel}","templated":true}]}}