{"id":2448,"date":"2022-04-07T17:51:26","date_gmt":"2022-04-07T20:51:26","guid":{"rendered":"https:\/\/grafica-salvador.com\/?page_id=2448"},"modified":"2022-05-02T13:52:21","modified_gmt":"2022-05-02T16:52:21","slug":"impressao-de-totem-personalizado-em-tamanho-real-salvador","status":"publish","type":"page","link":"https:\/\/grafica-salvador.com\/pt\/impressao-de-totem-personalizado-em-tamanho-real-salvador\/","title":{"rendered":"Impress\u00e3o de totem personalizado em tamanho real Salvador"},"content":{"rendered":"<div class=\"kk-star-ratings kksr-auto kksr-align-right kksr-valign-top\"\n    data-payload='{&quot;align&quot;:&quot;right&quot;,&quot;id&quot;:&quot;2448&quot;,&quot;slug&quot;:&quot;default&quot;,&quot;valign&quot;:&quot;top&quot;,&quot;ignore&quot;:&quot;&quot;,&quot;reference&quot;:&quot;auto&quot;,&quot;class&quot;:&quot;&quot;,&quot;count&quot;:&quot;37&quot;,&quot;legendonly&quot;:&quot;&quot;,&quot;readonly&quot;:&quot;&quot;,&quot;score&quot;:&quot;3.7&quot;,&quot;starsonly&quot;:&quot;&quot;,&quot;best&quot;:&quot;5&quot;,&quot;gap&quot;:&quot;5&quot;,&quot;greet&quot;:&quot;Avalia\u00e7\u00e3o do servi\u00e7o page&quot;,&quot;legend&quot;:&quot;3.7\\\/5 - (37 avalia\u00e7\u00f5es)&quot;,&quot;size&quot;:&quot;24&quot;,&quot;title&quot;:&quot;Impress\u00e3o de totem personalizado em tamanho real Salvador&quot;,&quot;width&quot;:&quot;104.8&quot;,&quot;_legend&quot;:&quot;{score}\\\/{best} - ({count} avalia\u00e7\u00f5es)&quot;,&quot;font_factor&quot;:&quot;1.25&quot;}'>\n            \n<div class=\"kksr-stars\">\n    \n<div class=\"kksr-stars-inactive\">\n            <div class=\"kksr-star\" data-star=\"1\" style=\"padding-right: 5px\">\n            \n\n<div class=\"kksr-icon\" style=\"width: 24px; height: 24px;\"><\/div>\n        <\/div>\n            <div class=\"kksr-star\" data-star=\"2\" style=\"padding-right: 5px\">\n            \n\n<div class=\"kksr-icon\" style=\"width: 24px; height: 24px;\"><\/div>\n        <\/div>\n            <div class=\"kksr-star\" data-star=\"3\" style=\"padding-right: 5px\">\n            \n\n<div class=\"kksr-icon\" style=\"width: 24px; height: 24px;\"><\/div>\n        <\/div>\n            <div class=\"kksr-star\" data-star=\"4\" style=\"padding-right: 5px\">\n            \n\n<div class=\"kksr-icon\" style=\"width: 24px; height: 24px;\"><\/div>\n        <\/div>\n            <div class=\"kksr-star\" data-star=\"5\" style=\"padding-right: 5px\">\n            \n\n<div class=\"kksr-icon\" style=\"width: 24px; height: 24px;\"><\/div>\n        <\/div>\n    <\/div>\n    \n<div class=\"kksr-stars-active\" style=\"width: 104.8px;\">\n            <div class=\"kksr-star\" style=\"padding-right: 5px\">\n            \n\n<div class=\"kksr-icon\" style=\"width: 24px; height: 24px;\"><\/div>\n        <\/div>\n            <div class=\"kksr-star\" style=\"padding-right: 5px\">\n            \n\n<div class=\"kksr-icon\" style=\"width: 24px; height: 24px;\"><\/div>\n        <\/div>\n            <div class=\"kksr-star\" style=\"padding-right: 5px\">\n            \n\n<div class=\"kksr-icon\" style=\"width: 24px; height: 24px;\"><\/div>\n        <\/div>\n            <div class=\"kksr-star\" style=\"padding-right: 5px\">\n            \n\n<div class=\"kksr-icon\" style=\"width: 24px; height: 24px;\"><\/div>\n        <\/div>\n            <div class=\"kksr-star\" style=\"padding-right: 5px\">\n            \n\n<div class=\"kksr-icon\" style=\"width: 24px; height: 24px;\"><\/div>\n        <\/div>\n    <\/div>\n<\/div>\n                \n\n<div class=\"kksr-legend\" style=\"font-size: 19.2px;\">\n            3.7\/5 - (37 avalia\u00e7\u00f5es)    <\/div>\n    <\/div>\n<p>Transforme sua foto favorita em uma impress\u00e3o de totem personalizado em tamanho real! Impress\u00f5es de totem de pessoa personalizada s\u00e3o excelentes presentes para qualquer ocasi\u00e3o. Essas impress\u00f5es \u00fanicas s\u00e3o projetadas com as especifica\u00e7\u00f5es do destinat\u00e1rio.<\/p>\n<p>Este \u00e9 um presente comum para o anivers\u00e1rio de um membro da fam\u00edlia. Estampas personalizadas de totem de pessoa s\u00e3o uma maneira criativa de comemorar um ente querido.<\/p>\n<p>Um totem personalizado feito sob medida \u00e9 um presente atencioso para qualquer evento. \u00c9 uma maneira ideal de comemorar uma conquista ou marco, ou simplesmente dizer &#8220;Obrigado&#8221;.<\/p>\n<h2>Confec\u00e7\u00e3o e impress\u00e3o de totem personalizado<\/h2>\n<p>Se voc\u00ea sempre quis criar um presente personalizado que mostrasse a algu\u00e9m o quanto eles significam para voc\u00ea da maneira mais especial, ent\u00e3o \u00e9 isso. Esta impress\u00e3o de totem personalizado em tamanho real pode ser personalizada para se adequar a qualquer ocasi\u00e3o e \u00e9 feita usando uma foto real da pessoa. Uma vez que \u00e9 impresso em tela de qualidade premium, pode ser pendurado em qualquer lugar da sua casa para que todos vejam!<\/p>\n<p><img loading=\"lazy\" decoding=\"async\" class=\"alignright wp-image-2477 size-alpha_color-thumb-masonry\" src=\"https:\/\/grafica-salvador.com\/wp-content\/uploads\/2022\/05\/Confeccao-de-Totem-Personalizado-Barato-Salvador-Ba-370x596.jpg\" alt=\"Confec\u00e7\u00e3o de Totem Personalizado Barato Salvador Ba\" width=\"370\" height=\"596\" srcset=\"https:\/\/grafica-salvador.com\/wp-content\/uploads\/2022\/05\/Confeccao-de-Totem-Personalizado-Barato-Salvador-Ba-370x596.jpg 370w, https:\/\/grafica-salvador.com\/wp-content\/uploads\/2022\/05\/Confeccao-de-Totem-Personalizado-Barato-Salvador-Ba-186x300.jpg 186w, https:\/\/grafica-salvador.com\/wp-content\/uploads\/2022\/05\/Confeccao-de-Totem-Personalizado-Barato-Salvador-Ba-635x1024.jpg 635w, https:\/\/grafica-salvador.com\/wp-content\/uploads\/2022\/05\/Confeccao-de-Totem-Personalizado-Barato-Salvador-Ba-7x12.jpg 7w, https:\/\/grafica-salvador.com\/wp-content\/uploads\/2022\/05\/Confeccao-de-Totem-Personalizado-Barato-Salvador-Ba.jpg 690w\" sizes=\"auto, (max-width: 370px) 100vw, 370px\" \/>As pessoas agora podem comprar totens de fotos em tamanho real de seus entes queridos. Esses totens s\u00e3o uma maneira perfeita de exibir fotos com familiares e amigos. Os pre\u00e7os desses itens variam de acordo com o tamanho e quantas fotos se deseja incluir no totem.<\/p>\n<p>No mundo de hoje, h\u00e1 muitas maneiras diferentes de comemorar um anivers\u00e1rio. Uma forma criativa \u00e9 criar um totem de pessoa personalizado em tamanho real a partir da celebra\u00e7\u00e3o. A empresa Gr\u00e1fica Salvador \u00e9 especialista nesta \u00e1rea e pode ajud\u00e1-lo a criar esta obra de arte para o seu anivers\u00e1rio quase sem esfor\u00e7o.<\/p>\n<p>O tamanho do totem pode ser ajustado de acordo com a prefer\u00eancia do cliente e \u00e9 feito com o material necess\u00e1rio, resistente \u00e0 \u00e1gua, umidade e raios UV.<\/p>\n<p>A Gr\u00e1fica Salvador \u00e9 o principal servi\u00e7o em Salvador para impress\u00e3o de totem personalizado de alta qualidade, tamanho real e personalizado. Somos especializados na cria\u00e7\u00e3o de impress\u00f5es de qualidade fotogr\u00e1fica e podemos imprimir em uma variedade de superf\u00edcies, como madeira, metal, acr\u00edlico e muito mais. Nossa base de clientes \u00e9 ampla e varia de pessoas f\u00edsicas a grandes corpora\u00e7\u00f5es.<\/p>\n<p>totem tamanho real<br \/>\ntotem pessoa<br \/>\ntotem pessoa tamanho real<br \/>\ntotem de pessoa<br \/>\ntotem papel\u00e3o tamanho real<br \/>\ntotem de pessoa em tamanho real<br \/>\ntotem personalizado tamanho real<br \/>\ntotem fotogr\u00e1fico tamanho real<br \/>\ntotem pessoa personalizado<br \/>\ntotem de papel\u00e3o tamanho real<br \/>\ntotem em tamanho real<br \/>\ncomo fazer totem tamanho real<br \/>\ntotem fotogr\u00e1fico pessoa tamanho real pre\u00e7o<br \/>\ntotem fotogr\u00e1fico pessoa tamanho real<br \/>\ntotem tamanho real bts<br \/>\ntotem pessoa tamanho real pre\u00e7o<br \/>\ntotem pessoa papel\u00e3o<br \/>\ntotem tamanho real pre\u00e7o<br \/>\ntotem tamanho real formatura<br \/>\ntotem tamanho real pessoa<br \/>\ntotem humano tamanho real<br \/>\ntotem pessoal<br \/>\ntotem bts tamanho real como fazer<br \/>\ntotem pessoa tamanho real salvador<br \/>\ntotem display fotogr\u00e1fico tamanho real<br \/>\ntotem fotogr\u00e1fico pessoa<br \/>\ntotem \u00e1lcool gel joao pessoa<br \/>\nimpress\u00e3o de totem<br \/>\ntotem tamanho real valor<br \/>\ntotem tamanho real foto<br \/>\ntotem tamanho real display de chao<br \/>\ntotem display fotogr\u00e1fico tamanho real<br \/>\ntotem display fotografico tamanho real pre\u00e7o<br \/>\npre\u00e7o de totem tamanho real<br \/>\ntotem mdf tamanho real<br \/>\ntotem tamanho real nome<br \/>\ntotem fotogr\u00e1fico tamanho real pre\u00e7o<br \/>\ntotem pessoa pre\u00e7o<br \/>\ntotem pessoa bh<br \/>\ntotem pessoal escutista<\/p>","protected":false},"excerpt":{"rendered":"<p>Transforme sua foto favorita em uma impress\u00e3o de totem personalizado em tamanho real! Impress\u00f5es de totem de pessoa personalizada s\u00e3o excelentes presentes para qualquer ocasi\u00e3o. Essas impress\u00f5es \u00fanicas s\u00e3o projetadas com as especifica\u00e7\u00f5es do destinat\u00e1rio. Este \u00e9 um presente comum&hellip;<\/p>","protected":false},"author":1,"featured_media":0,"parent":0,"menu_order":0,"comment_status":"closed","ping_status":"closed","template":"","meta":{"footnotes":""},"class_list":["post-2448","page","type-page","status-publish","hentry"],"_links":{"self":[{"href":"https:\/\/grafica-salvador.com\/pt\/wp-json\/wp\/v2\/pages\/2448","targetHints":{"allow":["GET"]}}],"collection":[{"href":"https:\/\/grafica-salvador.com\/pt\/wp-json\/wp\/v2\/pages"}],"about":[{"href":"https:\/\/grafica-salvador.com\/pt\/wp-json\/wp\/v2\/types\/page"}],"author":[{"embeddable":true,"href":"https:\/\/grafica-salvador.com\/pt\/wp-json\/wp\/v2\/users\/1"}],"replies":[{"embeddable":true,"href":"https:\/\/grafica-salvador.com\/pt\/wp-json\/wp\/v2\/comments?post=2448"}],"version-history":[{"count":5,"href":"https:\/\/grafica-salvador.com\/pt\/wp-json\/wp\/v2\/pages\/2448\/revisions"}],"predecessor-version":[{"id":2479,"href":"https:\/\/grafica-salvador.com\/pt\/wp-json\/wp\/v2\/pages\/2448\/revisions\/2479"}],"wp:attachment":[{"href":"https:\/\/grafica-salvador.com\/pt\/wp-json\/wp\/v2\/media?parent=2448"}],"curies":[{"name":"wp","href":"https:\/\/api.w.org\/{rel}","templated":true}]}}