{"id":64,"date":"2017-06-20T11:43:32","date_gmt":"2017-06-20T11:43:32","guid":{"rendered":"http:\/\/alpha-color.ancorathemes.com\/?page_id=64"},"modified":"2019-02-27T08:34:46","modified_gmt":"2019-02-27T08:34:46","slug":"typography","status":"publish","type":"page","link":"https:\/\/grafica-salvador.com\/pt\/typography\/","title":{"rendered":"Typography"},"content":{"rendered":"<div class=\"wpb-content-wrapper\">\n\n<div class=\"kk-star-ratings kksr-auto kksr-align-right kksr-valign-top\"\n    data-payload='{&quot;align&quot;:&quot;right&quot;,&quot;id&quot;:&quot;64&quot;,&quot;slug&quot;:&quot;default&quot;,&quot;valign&quot;:&quot;top&quot;,&quot;ignore&quot;:&quot;&quot;,&quot;reference&quot;:&quot;auto&quot;,&quot;class&quot;:&quot;&quot;,&quot;count&quot;:&quot;0&quot;,&quot;legendonly&quot;:&quot;&quot;,&quot;readonly&quot;:&quot;&quot;,&quot;score&quot;:&quot;0&quot;,&quot;starsonly&quot;:&quot;&quot;,&quot;best&quot;:&quot;5&quot;,&quot;gap&quot;:&quot;5&quot;,&quot;greet&quot;:&quot;Avalia\u00e7\u00e3o do servi\u00e7o page&quot;,&quot;legend&quot;:&quot;0\\\/5 - (0 avalia\u00e7\u00f5es)&quot;,&quot;size&quot;:&quot;24&quot;,&quot;title&quot;:&quot;Typography&quot;,&quot;width&quot;:&quot;0&quot;,&quot;_legend&quot;:&quot;{score}\\\/{best} - ({count} avalia\u00e7\u00f5es)&quot;,&quot;font_factor&quot;:&quot;1.25&quot;}'>\n            \n<div class=\"kksr-stars\">\n    \n<div class=\"kksr-stars-inactive\">\n            <div class=\"kksr-star\" data-star=\"1\" style=\"padding-right: 5px\">\n            \n\n<div class=\"kksr-icon\" style=\"width: 24px; height: 24px;\"><\/div>\n        <\/div>\n            <div class=\"kksr-star\" data-star=\"2\" style=\"padding-right: 5px\">\n            \n\n<div class=\"kksr-icon\" style=\"width: 24px; height: 24px;\"><\/div>\n        <\/div>\n            <div class=\"kksr-star\" data-star=\"3\" style=\"padding-right: 5px\">\n            \n\n<div class=\"kksr-icon\" style=\"width: 24px; height: 24px;\"><\/div>\n        <\/div>\n            <div class=\"kksr-star\" data-star=\"4\" style=\"padding-right: 5px\">\n            \n\n<div class=\"kksr-icon\" style=\"width: 24px; height: 24px;\"><\/div>\n        <\/div>\n            <div class=\"kksr-star\" data-star=\"5\" style=\"padding-right: 5px\">\n            \n\n<div class=\"kksr-icon\" style=\"width: 24px; height: 24px;\"><\/div>\n        <\/div>\n    <\/div>\n    \n<div class=\"kksr-stars-active\" style=\"width: 0px;\">\n            <div class=\"kksr-star\" style=\"padding-right: 5px\">\n            \n\n<div class=\"kksr-icon\" style=\"width: 24px; height: 24px;\"><\/div>\n        <\/div>\n            <div class=\"kksr-star\" style=\"padding-right: 5px\">\n            \n\n<div class=\"kksr-icon\" style=\"width: 24px; height: 24px;\"><\/div>\n        <\/div>\n            <div class=\"kksr-star\" style=\"padding-right: 5px\">\n            \n\n<div class=\"kksr-icon\" style=\"width: 24px; height: 24px;\"><\/div>\n        <\/div>\n            <div class=\"kksr-star\" style=\"padding-right: 5px\">\n            \n\n<div class=\"kksr-icon\" style=\"width: 24px; height: 24px;\"><\/div>\n        <\/div>\n            <div class=\"kksr-star\" style=\"padding-right: 5px\">\n            \n\n<div class=\"kksr-icon\" style=\"width: 24px; height: 24px;\"><\/div>\n        <\/div>\n    <\/div>\n<\/div>\n                \n\n<div class=\"kksr-legend\" style=\"font-size: 19.2px;\">\n            <span class=\"kksr-muted\">Avalia\u00e7\u00e3o do servi\u00e7o page<\/span>\n    <\/div>\n    <\/div>\n<div class=\"vc_row wpb_row vc_row-fluid\"><div class=\"wpb_column vc_column_container vc_col-sm-12 sc_layouts_column_icons_position_left\"><div class=\"vc_column-inner\"><div class=\"wpb_wrapper\">\n\t<div class=\"wpb_text_column wpb_content_element \" >\n\t\t<div class=\"wpb_wrapper\">\n\t\t\t<p>Lorem ipsum dolor sit amet, consectetur adipiscing elit. Curabitur posuere libero sed laoreet ultricies. In hac habitasse platea dictumst. Donec urna justo, rhoncus ac mollis eget, pulvinar eget augue. Donec vitae aliquet mauris. Donec vel sem urna. Cras varius est at mauris hendrerit, vitae iaculis nibh vulputate. Nam ac turpis eleifend, vulputate mi pharetra, vehicula lectus.<\/p>\n<p>Quisque tempor nisl ut nulla imperdiet dictum. Aliquam iaculis, augue ut placerat mattis, magna lorem lacinia nisi, vitae ultricies neque velit a urna. Cras ac accumsan magna, id congue neque. Etiam nec nibh at tortor mollis suscipit. Aliquam ornare egestas nibh, quis eleifend velit molestie eget. Sed bibendum lacus a egestas ultricies. Sed vel tincidunt magna.<\/p>\n<h1>H1 Heading (Lorem ipsum dolor sit amet)<\/h1>\n<p>Lorem ipsum dolor sit amet, consectetuer adipiscing elit. Aenean commodo ligula eget dolor. Aenean massa. Cum sociis natoque penatibus et magnis dis parturient montes, nascetur ridiculus mus. Donec quam felis, ultricies nec, pellentesque eu, pretium quis, sem.<\/p>\n<h2>H2 Heading (Lorem ipsum dolor sit amet, consectetur)<\/h2>\n<p>Lorem ipsum dolor sit amet, consectetuer adipiscing elit. Aenean commodo ligula eget dolor. Aenean massa. Cum sociis natoque penatibus et magnis dis parturient montes, nascetur ridiculus mus. Donec quam felis, ultricies nec, pellentesque eu, pretium quis, sem.<\/p>\n<h3>H3 Heading (Lorem ipsum dolor sit amet, consectetur adipiscing elit)<\/h3>\n<p>Lorem ipsum dolor sit amet, consectetuer adipiscing elit. Aenean commodo ligula eget dolor. Aenean massa. Cum sociis natoque penatibus et magnis dis parturient montes, nascetur ridiculus mus. Donec quam felis, ultricies nec, pellentesque eu, pretium quis, sem.<\/p>\n<h4>H4 Heading (Lorem ipsum dolor sit amet, consectetur adipiscing elit)<\/h4>\n<p>Lorem ipsum dolor sit amet, consectetuer adipiscing elit. Aenean commodo ligula eget dolor. Aenean massa. Cum sociis natoque penatibus et magnis dis parturient montes, nascetur ridiculus mus. Donec quam felis, ultricies nec, pellentesque eu, pretium quis, sem.<\/p>\n<h5>H5 Heading (Lorem ipsum dolor sit amet, consectetur adipiscing elit. Curabitur posuere libero sed)<\/h5>\n<p>Lorem ipsum dolor sit amet, consectetuer adipiscing elit. Aenean commodo ligula eget dolor. Aenean massa. Cum sociis natoque penatibus et magnis dis parturient montes, nascetur ridiculus mus. Donec quam felis, ultricies nec, pellentesque eu, pretium quis, sem.<\/p>\n<h6>H6 Heading (Lorem ipsum dolor sit amet, consectetur adipiscing elit. Curabitur posuere libero sed laoreet ultricies)<\/h6>\n<p>Lorem ipsum dolor sit amet, consectetuer adipiscing elit. Aenean commodo ligula eget dolor. Aenean massa. Cum sociis natoque penatibus et magnis dis parturient montes, nascetur ridiculus mus. Donec quam felis, ultricies nec, pellentesque eu, pretium quis, sem.<\/p>\n\n\t\t<\/div>\n\t<\/div>\n<\/div><\/div><\/div><\/div><div class=\"vc_row wpb_row vc_row-fluid\"><div class=\"wpb_column vc_column_container vc_col-sm-12 sc_layouts_column_icons_position_left\"><div class=\"vc_column-inner\"><div class=\"wpb_wrapper\">\n\t<div class=\"wpb_text_column wpb_content_element \" >\n\t\t<div class=\"wpb_wrapper\">\n\t\t\t<hr \/>\n<h3>Standard Inline Elements<\/h3>\n<p><strong>Bold text<\/strong> dolor sit amet, consectetur <span class=\"trx_addons_accent\">accent color<\/span> adipisicing elit, <span class=\"trx_addons_accent_hovered\">hovered accents<\/span> sed do eiusmod tempor hovered ut labore et dolore magna aliqu quis nostrud exercitation ullamco laboris nisllum dolore eu fugiat nulla pareur sint occaecat cupidatat non proident <span class=\"trx_addons_accent_bg\">sunt in culpa qui<\/span> officia deserunt m est laborum.<\/p>\n<p><em>Italic text<\/em> example iste natus error sit voluptatem italic text example doloremque laudantium, totam rem aperiam, eaque ipsa quae ab illo inventore vei architecto beatae explicabo. Nemo enptatem quia oluptas sit aspernatur <span class=\"trx_addons_tooltip\" data-tooltip=\"Tooltip Title\">tooltip example<\/span> aut odit aut fugit, sed quia consequuntur magni dolores eos quiet.<\/p>\n\n\t\t<\/div>\n\t<\/div>\n<\/div><\/div><\/div><\/div><div class=\"vc_row wpb_row vc_row-fluid\"><div class=\"wpb_column vc_column_container vc_col-sm-12 sc_layouts_column_icons_position_left\"><div class=\"vc_column-inner\"><div class=\"wpb_wrapper\">\n\t<div class=\"wpb_text_column wpb_content_element \" >\n\t\t<div class=\"wpb_wrapper\">\n\t\t\t<hr \/>\n<h3>Dropcaps<\/h3>\n<div class=\"dummy_class\"><\/div>\n\n\t\t<\/div>\n\t<\/div>\n<\/div><\/div><\/div><\/div><div class=\"vc_row wpb_row vc_row-fluid\"><div class=\"wpb_column vc_column_container vc_col-sm-6 sc_layouts_column_icons_position_left\"><div class=\"vc_column-inner\"><div class=\"wpb_wrapper\">\n\t<div class=\"wpb_text_column wpb_content_element \" >\n\t\t<div class=\"wpb_wrapper\">\n\t\t\t<p><span class=\"trx_addons_dropcap trx_addons_dropcap_style_1\">D<\/span>Lorem ipsum dolor sit amet, consectetur adipiscing elit. Curabitur a lectus ac neque fermentum pellentesque lacus lorem.<br \/>\nSed sed ornare turpis. Nullam vitae congue urna, id sodales nisl. Nunc ultricies in lorem ac posuere. Ut sed ipsum nulla. Aliquam erat volutpat.<\/p>\n\n\t\t<\/div>\n\t<\/div>\n<\/div><\/div><\/div><div class=\"wpb_column vc_column_container vc_col-sm-6 sc_layouts_column_icons_position_left\"><div class=\"vc_column-inner\"><div class=\"wpb_wrapper\"><div class=\"vc_empty_space  hide_on_desktop hide_on_notebook hide_on_tablet height_medium\"   style=\"height: 32px\"><span class=\"vc_empty_space_inner\"><\/span><\/div>\n\t<div class=\"wpb_text_column wpb_content_element \" >\n\t\t<div class=\"wpb_wrapper\">\n\t\t\t<p><span class=\"trx_addons_dropcap trx_addons_dropcap_style_2\">D<\/span>Lorem ipsum dolor sit amet, consectetur adipiscing elit. Curabitur a lectus ac neque fermentum pellentesque lacus lorem.<br \/>\nSed sed ornare turpis. Nullam vitae congue urna, id sodales nisl. Nunc ultricies in lorem ac posuere. Ut sed ipsum nulla. Aliquam erat volutpat. <\/p>\n\n\t\t<\/div>\n\t<\/div>\n<\/div><\/div><\/div><\/div><div class=\"vc_row wpb_row vc_row-fluid\"><div class=\"wpb_column vc_column_container vc_col-sm-12 sc_layouts_column_icons_position_left\"><div class=\"vc_column-inner\"><div class=\"wpb_wrapper\">\n\t<div class=\"wpb_text_column wpb_content_element \" >\n\t\t<div class=\"wpb_wrapper\">\n\t\t\t<hr \/>\n<h3>Blockquote<\/h3>\n<p>Lorem ipsum dolor sit amet, consectetur adipiscing elit. Curabitur posuere libero sed laoreet ultricies. In hac habitasse platea dictumst. Donec urna justo, rhoncus ac mollis eget, pulvinar eget augue. Donec vel sem urna. Cras varius est at mauris hendrerit, vitae iaculis nibh vulputate.<\/p>\n<blockquote>\n<p style=\"text-align: left;\">Lorem ipsum dolor sit amet, consectetur adipiscing elit. Curabitur posuere libero sed laoreet ultricies. Donec urna justo, rhoncus ac mollis eget, pulvinar eget augue.<br \/>\n<cite>John Doe<\/cite><\/p>\n<\/blockquote>\n<p>Lorem ipsum dolor sit amet, consectetur adipiscing elit. Curabitur posuere libero sed laoreet ultricies. In hac habitasse platea dictumst. Donec urna justo, rhoncus ac mollis eget, pulvinar eget augue. Donec vel sem urna. Cras varius est at mauris hendrerit, vitae iaculis nibh vulputate.<\/p>\n\n\t\t<\/div>\n\t<\/div>\n<\/div><\/div><\/div><\/div><div class=\"vc_row wpb_row vc_row-fluid\"><div class=\"wpb_column vc_column_container vc_col-sm-12 sc_layouts_column_icons_position_left\"><div class=\"vc_column-inner\"><div class=\"wpb_wrapper\">\n\t<div class=\"wpb_text_column wpb_content_element \" >\n\t\t<div class=\"wpb_wrapper\">\n\t\t\t<hr \/>\n<h3>Image Alignment<\/h3>\n<p>Lorem ipsum dolor sit amet, consectetur adipiscing elit. Curabitur posuere libero sed laoreet ultricies. In hac habitasse platea dictumst. Donec urna justo, rhoncus ac mollis eget, pulvinar eget augue. Donec vel sem urna. Cras varius est at mauris hendrerit, vitae iaculis nibh vulputate.<\/p>\n<figure id=\"attachment_100\" aria-describedby=\"caption-attachment-100\" style=\"width: 370px\" class=\"wp-caption alignleft\"><img loading=\"lazy\" decoding=\"async\" class=\"size-medium wp-image-100\" src=\"http:\/\/alpha-color.ancorathemes.com\/wp-content\/uploads\/2017\/06\/image-1.jpg\" alt=\"Title of the image\" width=\"370\" height=\"245\" \/><figcaption id=\"caption-attachment-100\" class=\"wp-caption-text\">Title of the image<\/figcaption><\/figure>\n<p>Curabitur posuere libero sed laoreet ultricies. In hac habitasse platea dictumst. Donec urna justo, rhoncus ac mollis eget, pulvinar eget augue. Cras ac accumsan magna, id congue neque. Phasellus varius purus nec euismod cursus.<\/p>\n<p>Aliquam suscipit convallis odio, ut blandit neque commodo gravida. Maecenas consectetur ut felis a lacinia. Vestibulum non pretium ligula, ornare tincidunt neque.<\/p>\n<p>Lorem ipsum dolor sit amet, consectetur adipiscing elit. Curabitur posuere libero sed laoreet ultricies. In hac habitasse platea dictumst. Donec urna justo, rhoncus ac mollis eget, pulvinar eget augue. Donec vel sem urna. Cras varius est at mauris hendrerit, vitae iaculis nibh vulputate.<\/p>\n<p><img loading=\"lazy\" decoding=\"async\" class=\"alignright wp-image-156 size-laon_wine_house-thumb-small\" src=\"http:\/\/alpha-color.ancorathemes.com\/wp-content\/uploads\/2017\/06\/image-2.jpg\" width=\"370\" height=\"245\" \/>Curabitur posuere libero sed laoreet ultricies. In hac habitasse platea dictumst. Donec urna justo, rhoncus ac mollis eget, pulvinar eget augue. Cras ac accumsan magna, id congue neque. Phasellus varius purus nec euismod cursus.<\/p>\n<p>Aliquam suscipit convallis odio, ut blandit neque commodo gravida. Maecenas consectetur ut felis a lacinia. Vestibulum non pretium ligula, ornare tincidunt neque.<\/p>\n<p>Lorem ipsum dolor sit amet, consectetur adipiscing elit. Curabitur posuere libero sed laoreet ultricies. In hac habitasse platea dictumst. Donec urna justo, rhoncus ac mollis eget, pulvinar eget augue. Donec vel sem urna. Cras varius est at mauris hendrerit, vitae iaculis nibh vulputate.<\/p>\n\n\t\t<\/div>\n\t<\/div>\n<\/div><\/div><\/div><\/div><div class=\"vc_row wpb_row vc_row-fluid\"><div class=\"wpb_column vc_column_container vc_col-sm-12 sc_layouts_column_icons_position_left\"><div class=\"vc_column-inner\"><div class=\"wpb_wrapper\">\n\t<div class=\"wpb_text_column wpb_content_element \" >\n\t\t<div class=\"wpb_wrapper\">\n\t\t\t<hr \/>\n<h3>Lists<\/h3>\n<div class=\"dummy_class\"><\/div>\n\n\t\t<\/div>\n\t<\/div>\n<\/div><\/div><\/div><\/div><div class=\"vc_row wpb_row vc_row-fluid\"><div class=\"wpb_column vc_column_container vc_col-sm-4 sc_layouts_column_icons_position_left\"><div class=\"vc_column-inner\"><div class=\"wpb_wrapper\">\n\t<div class=\"wpb_text_column wpb_content_element \" >\n\t\t<div class=\"wpb_wrapper\">\n\t\t\t<ul class=\"trx_addons_list_custom\">\n<li>Lorem ipsum<\/li>\n<li>Dolor sit amet<\/li>\n<li>Consectetur<\/li>\n<li>Adipisicing elit<\/li>\n<li>Sed do eiusmod<\/li>\n<\/ul>\n\n\t\t<\/div>\n\t<\/div>\n<\/div><\/div><\/div><div class=\"wpb_column vc_column_container vc_col-sm-4 sc_layouts_column_icons_position_left\"><div class=\"vc_column-inner\"><div class=\"wpb_wrapper\"><div class=\"vc_empty_space  hide_on_desktop hide_on_notebook hide_on_tablet height_medium\"   style=\"height: 32px\"><span class=\"vc_empty_space_inner\"><\/span><\/div>\n\t<div class=\"wpb_text_column wpb_content_element \" >\n\t\t<div class=\"wpb_wrapper\">\n\t\t\t<ul class=\"trx_addons_list_dot\">\n<li>Lorem ipsum<\/li>\n<li>Dolor sit amet<\/li>\n<li>Consectetur<\/li>\n<li>Adipisicing elit<\/li>\n<li>Sed do eiusmod<\/li>\n<\/ul>\n\n\t\t<\/div>\n\t<\/div>\n<\/div><\/div><\/div><div class=\"wpb_column vc_column_container vc_col-sm-4 sc_layouts_column_icons_position_left\"><div class=\"vc_column-inner\"><div class=\"wpb_wrapper\"><div class=\"vc_empty_space  hide_on_desktop hide_on_notebook hide_on_tablet height_medium\"   style=\"height: 32px\"><span class=\"vc_empty_space_inner\"><\/span><\/div>\n\t<div class=\"wpb_text_column wpb_content_element \" >\n\t\t<div class=\"wpb_wrapper\">\n\t\t\t<ul class=\"trx_addons_list_success\">\n<li>Lorem ipsum<\/li>\n<li>Dolor sit amet<\/li>\n<li>Consectetur<\/li>\n<li>Adipisicing elit<\/li>\n<li>Sed do eiusmod<\/li>\n<\/ul>\n\n\t\t<\/div>\n\t<\/div>\n<\/div><\/div><\/div><\/div><div class=\"vc_row wpb_row vc_row-fluid\"><div class=\"wpb_column vc_column_container vc_col-sm-12 sc_layouts_column_icons_position_left\"><div class=\"vc_column-inner\"><div class=\"wpb_wrapper\">\n\t<div class=\"wpb_text_column wpb_content_element \" >\n\t\t<div class=\"wpb_wrapper\">\n\t\t\t<hr \/>\n<h3>Table<\/h3>\n<div class=\"dummy_class\"><\/div>\n\n\t\t<\/div>\n\t<\/div>\n<div id=\"sc_table_113775476_wrap\" class=\"sc_table_wrap\"><div id=\"sc_table_113775476\"\n\t\t\tclass=\"sc_table sc_table_default\" style=\"width:100%;\"><\/p>\n<table>\n<tbody>\n<tr>\n<th style=\"text-align: center;\">#<\/th>\n<th style=\"text-align: center;\">Column 1<\/th>\n<th style=\"text-align: center;\">Column 2<\/th>\n<th style=\"text-align: center;\">Column 3<\/th>\n<th style=\"text-align: center;\">Column 4<\/th>\n<\/tr>\n<tr>\n<td style=\"text-align: center;\">1<\/td>\n<td style=\"text-align: center;\">Row 1 Cell 1<\/td>\n<td style=\"text-align: center;\">Row 1 Cell 2<\/td>\n<td style=\"text-align: center;\">Row 1 Cell 3<\/td>\n<td style=\"text-align: center;\">Row 1 Cell 4<\/td>\n<\/tr>\n<tr>\n<td style=\"text-align: center;\">2<\/td>\n<td style=\"text-align: center;\">Row 2 Cell 1<\/td>\n<td style=\"text-align: center;\">Row 2 Cell 2<\/td>\n<td style=\"text-align: center;\">Row 2 Cell 3<\/td>\n<td style=\"text-align: center;\">Row 2 Cell 4<\/td>\n<\/tr>\n<tr>\n<td style=\"text-align: center;\">3<\/td>\n<td style=\"text-align: center;\">Row 3 Cell 1<\/td>\n<td style=\"text-align: center;\">Row 3 Cell 2<\/td>\n<td style=\"text-align: center;\">Row 3 Cell 3<\/td>\n<td style=\"text-align: center;\">Row 3 Cell 4<\/td>\n<\/tr>\n<\/tbody>\n<\/table>\n<p><\/div><\/div><!-- \/.sc_table_wrap --><\/div><\/div><\/div><\/div><div class=\"vc_row wpb_row vc_row-fluid\"><div class=\"wpb_column vc_column_container vc_col-sm-12 sc_layouts_column_icons_position_left\"><div class=\"vc_column-inner\"><div class=\"wpb_wrapper\">\n\t<div class=\"wpb_text_column wpb_content_element \" >\n\t\t<div class=\"wpb_wrapper\">\n\t\t\t<hr \/>\n<h3>Inputs &amp;\u00a0Buttons<\/h3>\n<div class=\"dummy\"><\/div>\n\n\t\t<\/div>\n\t<\/div>\n<\/div><\/div><\/div><\/div><div class=\"vc_row wpb_row vc_row-fluid\"><div class=\"wpb_column vc_column_container vc_col-sm-12 sc_layouts_column_icons_position_left\"><div class=\"vc_column-inner\"><div class=\"wpb_wrapper\">[contact-form-7 id=&#8221;5&#8243;]<\/div><\/div><\/div><\/div><div class=\"vc_row wpb_row vc_row-fluid vc_custom_1507712921023\"><div class=\"wpb_column vc_column_container vc_col-sm-12 sc_layouts_column_icons_position_left\"><div class=\"vc_column-inner\"><div class=\"wpb_wrapper\"><div class=\"vc_separator wpb_content_element vc_separator_align_center vc_sep_width_100 vc_sep_pos_align_center vc_separator_no_text vc_custom_1507712948460  vc_custom_1507712948460\" ><span class=\"vc_sep_holder vc_sep_holder_l\"><span style=\"border-color:#e5e5e5;\" class=\"vc_sep_line\"><\/span><\/span><span class=\"vc_sep_holder vc_sep_holder_r\"><span style=\"border-color:#e5e5e5;\" class=\"vc_sep_line\"><\/span><\/span>\n<\/div><a href=\"#\" id=\"sc_button_1047127663\" class=\"sc_button color_style_link3 sc_button_default sc_button_size_large sc_button_icon_left\"><span class=\"sc_button_text\"><span class=\"sc_button_title\">Button 1<\/span><\/span><!-- \/.sc_button_text --><\/a><!-- \/.sc_button --><a href=\"#\" id=\"sc_button_784589146\" class=\"sc_button hide_on_mobile color_style_default sc_button_default sc_button_size_normal sc_button_icon_left\"><span class=\"sc_button_text\"><span class=\"sc_button_title\">Button 2<\/span><\/span><!-- \/.sc_button_text --><\/a><!-- \/.sc_button --><a href=\"#\" id=\"sc_button_1701794939\" class=\"sc_button hide_on_mobile color_style_default sc_button_default sc_button_size_small sc_button_icon_left\"><span class=\"sc_button_text\"><span class=\"sc_button_title\">Button 3<\/span><\/span><!-- \/.sc_button_text --><\/a><!-- \/.sc_button --><\/div><\/div><\/div><\/div>\n<\/div>","protected":false},"excerpt":{"rendered":"Lorem ipsum dolor sit amet, consectetur adipiscing elit. Curabitur posuere libero sed laoreet ultricies. In hac habitasse platea dictumst. Donec urna justo, rhoncus ac mollis eget, pulvinar eget augue. Donec vitae aliquet mauris. Donec vel sem urna. Cras varius est&hellip;","protected":false},"author":1,"featured_media":0,"parent":0,"menu_order":0,"comment_status":"closed","ping_status":"closed","template":"","meta":{"footnotes":""},"class_list":["post-64","page","type-page","status-publish","hentry"],"_links":{"self":[{"href":"https:\/\/grafica-salvador.com\/pt\/wp-json\/wp\/v2\/pages\/64","targetHints":{"allow":["GET"]}}],"collection":[{"href":"https:\/\/grafica-salvador.com\/pt\/wp-json\/wp\/v2\/pages"}],"about":[{"href":"https:\/\/grafica-salvador.com\/pt\/wp-json\/wp\/v2\/types\/page"}],"author":[{"embeddable":true,"href":"https:\/\/grafica-salvador.com\/pt\/wp-json\/wp\/v2\/users\/1"}],"replies":[{"embeddable":true,"href":"https:\/\/grafica-salvador.com\/pt\/wp-json\/wp\/v2\/comments?post=64"}],"version-history":[{"count":0,"href":"https:\/\/grafica-salvador.com\/pt\/wp-json\/wp\/v2\/pages\/64\/revisions"}],"wp:attachment":[{"href":"https:\/\/grafica-salvador.com\/pt\/wp-json\/wp\/v2\/media?parent=64"}],"curies":[{"name":"wp","href":"https:\/\/api.w.org\/{rel}","templated":true}]}}